{"id":78323,"date":"2022-06-22T15:01:33","date_gmt":"2022-06-22T12:01:33","guid":{"rendered":"https:\/\/catalystinternational.com.tr\/?page_id=78323"},"modified":"2022-06-22T15:02:47","modified_gmt":"2022-06-22T12:02:47","slug":"aday-bilgi-formu","status":"publish","type":"page","link":"https:\/\/catalystinternational.com.tr\/ru\/aday-bilgi-formu\/","title":{"rendered":"\u0418\u043d\u0444\u043e\u0440\u043c\u0430\u0446\u0438\u043e\u043d\u043d\u0430\u044f \u0444\u043e\u0440\u043c\u0430 \u043a\u0430\u043d\u0434\u0438\u0434\u0430\u0442\u0430"},"content":{"rendered":"<div data-elementor-type=\"wp-page\" data-elementor-id=\"78323\" class=\"elementor elementor-78323\" data-elementor-post-type=\"page\">\n\t\t\t\t\t\t<section class=\"elementor-section elementor-top-section elementor-element elementor-element-19d49e3 elementor-section-boxed elementor-section-height-default elementor-section-height-default\" data-id=\"19d49e3\" data-element_type=\"section\">\n\t\t\t\t\t\t<div class=\"elementor-container elementor-column-gap-default\">\n\t\t\t\t\t<div class=\"elementor-column elementor-col-100 elementor-top-column elementor-element elementor-element-feb922d\" data-id=\"feb922d\" data-element_type=\"column\">\n\t\t\t<div class=\"elementor-widget-wrap\">\n\t\t\t\t\t\t\t<\/div>\n\t\t<\/div>\n\t\t\t\t\t<\/div>\n\t\t<\/section>\n\t\t\t\t<section class=\"elementor-section elementor-top-section elementor-element elementor-element-6948511 elementor-section-boxed elementor-section-height-default elementor-section-height-default\" data-id=\"6948511\" data-element_type=\"section\">\n\t\t\t\t\t\t<div class=\"elementor-container elementor-column-gap-default\">\n\t\t\t\t\t<div class=\"elementor-column elementor-col-100 elementor-top-column elementor-element elementor-element-2d6941e\" data-id=\"2d6941e\" data-element_type=\"column\">\n\t\t\t<div class=\"elementor-widget-wrap elementor-element-populated\">\n\t\t\t\t\t\t<div class=\"elementor-element elementor-element-5cb73c3 elementor-widget elementor-widget-text-editor\" data-id=\"5cb73c3\" data-element_type=\"widget\" data-widget_type=\"text-editor.default\">\n\t\t\t\t<div class=\"elementor-widget-container\">\n\t\t\t\t\t\t\t<p><div class=\"frm_forms  with_frm_style frm_style_formidable-style\" id=\"frm_form_2_container\" data-token=\"d274713b7d7e9f7ec9f69e09c4aadb7e\">\n<form enctype=\"multipart\/form-data\" method=\"post\" class=\"frm-show-form\" id=\"form_adaybilgiformu\"  data-token=\"d274713b7d7e9f7ec9f69e09c4aadb7e\" action=\"\">\n<div class=\"frm_form_fields\">\n<fieldset>\n<legend class=\"frm_screen_reader\">\u0418\u043d\u0444\u043e\u0440\u043c\u0430\u0446\u0438\u043e\u043d\u043d\u0430\u044f \u0444\u043e\u0440\u043c\u0430 \u043a\u0430\u043d\u0434\u0438\u0434\u0430\u0442\u0430<\/legend>\r\n\r\n<div class=\"frm_fields_container\">\n<input type=\"hidden\" name=\"frm_action\" value=\"create\" \/>\n<input type=\"hidden\" name=\"form_id\" value=\"2\" \/>\n<input type=\"hidden\" name=\"frm_hide_fields_2\" id=\"frm_hide_fields_2\" value=\"\" \/>\n<input type=\"hidden\" name=\"form_key\" value=\"adaybilgiformu\" \/>\n<input type=\"hidden\" name=\"item_meta[0]\" value=\"\" \/>\n<input type=\"hidden\" id=\"frm_submit_entry_2\" name=\"frm_submit_entry_2\" value=\"cdd1f6ddc8\" \/><input type=\"hidden\" name=\"_wp_http_referer\" value=\"\/ru\/wp-json\/wp\/v2\/pages\/78323\" \/><div id=\"frm_field_7_container\" class=\"frm_form_field form-field  frm_required_field frm_top_container Soyad frm12\">\r\n    <div  id=\"field_robaa_label\" class=\"frm_primary_label\">\u041e\u0431\u044a\u044f\u0432\u043b\u0435\u043d\u0438\u0435              \r\n        <span class=\"frm_required\" aria-hidden=\"true\">*<\/span>\r\n    <\/div>\r\n    <fieldset aria-labelledby=\"field_robaa_label\">\n\t<legend class=\"frm_screen_reader frm_hidden\">\n\t\t\u041e\u0431\u044a\u044f\u0432\u043b\u0435\u043d\u0438\u0435              \t<\/legend>\n\n\t<div  class=\"frm_combo_inputs_container\" id=\"frm_combo_inputs_container_7\" data-name-layout=\"first_last\">\n\t\t\t\t\t<div\n\t\t\t\tid=\"frm_field_7-first_container\"\n\t\t\t\tclass=\"frm_form_field form-field frm_form_subfield-first  frm6\"\n\t\t\t\tdata-sub-field-name=\"first\"\n\t\t\t>\n\t\t\t\t<label for=\"field_robaa_first\" class=\"frm_screen_reader frm_hidden\">\n\t\t\t\t\t\u0418\u043c\u044f\t\t\t\t<\/label>\n\n\t\t\t\t\t\t\t\t\t\t<input\n\t\t\t\t\t\t\ttype=\"text\"\n\t\t\t\t\t\t\tid=\"field_robaa_first\"\n\t\t\t\t\t\t\tvalue=\"\"\n\t\t\t\t\t\t\tname=\"item_meta[7][first]\"  data-reqmsg=\"Ad               cannot be blank.\" aria-required=\"true\" data-invmsg=\"Ad               \u043d\u0435\u0434\u0435\u0439\u0441\u0442\u0432\u0438\u0442\u0435\u043b\u0435\u043d\" aria-invalid=\"false\"  \t\t\t\t\t\t\/>\n\t\t\t\t\t\t<div class=\"frm_description\" id=\"frm_field_7_first_desc\">\u0418\u043c\u044f<\/div>\t\t\t<\/div>\n\t\t\t\t\t\t<div\n\t\t\t\tid=\"frm_field_7-last_container\"\n\t\t\t\tclass=\"frm_form_field form-field frm_form_subfield-last  frm6\"\n\t\t\t\tdata-sub-field-name=\"last\"\n\t\t\t>\n\t\t\t\t<label for=\"field_robaa_last\" class=\"frm_screen_reader frm_hidden\">\n\t\t\t\t\t\u0424\u0430\u043c\u0438\u043b\u0438\u044f\t\t\t\t<\/label>\n\n\t\t\t\t\t\t\t\t\t\t<input\n\t\t\t\t\t\t\ttype=\"text\"\n\t\t\t\t\t\t\tid=\"field_robaa_last\"\n\t\t\t\t\t\t\tvalue=\"\"\n\t\t\t\t\t\t\tname=\"item_meta[7][last]\"  data-reqmsg=\"Ad               cannot be blank.\" aria-required=\"true\" data-invmsg=\"Ad               \u043d\u0435\u0434\u0435\u0439\u0441\u0442\u0432\u0438\u0442\u0435\u043b\u0435\u043d\" aria-invalid=\"false\"  \t\t\t\t\t\t\/>\n\t\t\t\t\t\t<div class=\"frm_description\" id=\"frm_field_7_last_desc\">\u0424\u0430\u043c\u0438\u043b\u0438\u044f<\/div>\t\t\t<\/div>\n\t\t\t\t<\/div>\n<\/fieldset>\n\r\n    \r\n    \r\n<\/div>\n<div id=\"frm_field_8_container\" class=\"frm_form_field form-field  frm_required_field frm_top_container frm6 frm_first\">\r\n    <label for=\"field_1xpqd\" id=\"field_1xpqd_label\" class=\"frm_primary_label\">\u042d\u043b. \u043f\u043e\u0447\u0442\u0430\r\n        <span class=\"frm_required\" aria-hidden=\"true\">*<\/span>\r\n    <\/label>\r\n    <input type=\"email\" id=\"field_1xpqd\" name=\"item_meta[8]\" value=\"\"  data-reqmsg=\"E-Mail cannot be blank.\" aria-required=\"true\" data-invmsg=\"Email is invalid\" aria-invalid=\"false\"  \/>\r\n    \r\n    \r\n<\/div>\n<div id=\"frm_field_24_container\" class=\"frm_form_field form-field  frm_required_field frm_top_container frm6\">\r\n    <label for=\"field_f8dqe\" id=\"field_f8dqe_label\" class=\"frm_primary_label\">\u0442\u0435\u043b\u0435\u0444\u043e\u043d\r\n        <span class=\"frm_required\" aria-hidden=\"true\">*<\/span>\r\n    <\/label>\r\n    <input type=\"text\" id=\"field_f8dqe\" name=\"item_meta[24]\" value=\"\"  data-reqmsg=\"Telefon cannot be blank.\" aria-required=\"true\" data-invmsg=\"Text is invalid\" aria-invalid=\"false\"  \/>\r\n    \r\n    \r\n<\/div>\n<div id=\"frm_field_53_container\" class=\"frm_form_field form-field  frm_top_container frm6 frm_first\">\n    <label for=\"field_t5qss\" id=\"field_t5qss_label\" class=\"frm_primary_label\">Do\u011fum Tarihiniz (G\u00fcn\/Ay\/Y\u0131l)\n        <span class=\"frm_required\" aria-hidden=\"true\"><\/span>\n    <\/label>\n    <input type=\"text\" id=\"field_t5qss\" name=\"item_meta[53]\" value=\"\"  data-invmsg=\"Text is invalid\" aria-invalid=\"false\"  \/>\n    \n    \n<\/div>\n<div id=\"frm_field_15_container\" class=\"frm_form_field form-field  frm_required_field frm_top_container frm6 vertical_radio\">\r\n    <div  id=\"field_u1oqa_label\" class=\"frm_primary_label\">\u0412\u0430\u0448\u0435 \u0441\u0435\u043c\u0435\u0439\u043d\u043e\u0435 \u043f\u043e\u043b\u043e\u0436\u0435\u043d\u0438\u0435\r\n        <span class=\"frm_required\" aria-hidden=\"true\">*<\/span>\r\n    <\/div>\r\n    <div class=\"frm_opt_container\" aria-labelledby=\"field_u1oqa_label\" role=\"radiogroup\" aria-required=\"true\">\t\t<div class=\"frm_radio\" id=\"frm_radio_15-0\"><label for=\"field_u1oqa-0\">\t\t<input type=\"radio\" name=\"item_meta[15]\" id=\"field_u1oqa-0\" value=\"Evli\"\n\t\t   data-reqmsg=\"Medeni Durumunuz cannot be blank.\" data-invmsg=\"Medeni Durumunuz \u043d\u0435\u0434\u0435\u0439\u0441\u0442\u0432\u0438\u0442\u0435\u043b\u0435\u043d\" aria-invalid=\"false\"  \/> \u0436\u0435\u043d\u0430\u0442\u044b\u0439<\/label><\/div>\n\t\t<div class=\"frm_radio\" id=\"frm_radio_15-1\"><label for=\"field_u1oqa-1\">\t\t<input type=\"radio\" name=\"item_meta[15]\" id=\"field_u1oqa-1\" value=\"Bekar\"\n\t\t   data-reqmsg=\"Medeni Durumunuz cannot be blank.\" data-invmsg=\"Medeni Durumunuz \u043d\u0435\u0434\u0435\u0439\u0441\u0442\u0432\u0438\u0442\u0435\u043b\u0435\u043d\" aria-invalid=\"false\"  \/> \u043d\u0435 \u0437\u0430\u043c\u0443\u0436\u0435\u043c<\/label><\/div>\n<\/div>\r\n    \r\n    \r\n<\/div>\n<div id=\"frm_field_18_container\" class=\"frm_form_field form-field  frm_required_field frm_top_container frm6 frm_first vertical_radio\">\r\n    <div  id=\"field_38t6p_label\" class=\"frm_primary_label\">\u043a\u043e\u043b\u0438\u0447\u0435\u0441\u0442\u0432\u043e \u0434\u0435\u0442\u0435\u0439\r\n        <span class=\"frm_required\" aria-hidden=\"true\">*<\/span>\r\n    <\/div>\r\n    <div class=\"frm_opt_container\" aria-labelledby=\"field_38t6p_label\" role=\"radiogroup\" aria-required=\"true\">\t\t<div class=\"frm_radio\" id=\"frm_radio_18-0\"><label for=\"field_38t6p-0\">\t\t<input type=\"radio\" name=\"item_meta[18]\" id=\"field_38t6p-0\" value=\"Yok\"\n\t\t   data-reqmsg=\"\u00c7ocuk Say\u0131n\u0131z cannot be blank.\" data-invmsg=\"\u00c7ocuk Say\u0131n\u0131z \u043d\u0435\u0434\u0435\u0439\u0441\u0442\u0432\u0438\u0442\u0435\u043b\u0435\u043d\" aria-invalid=\"false\"  \/> \u043d\u0435\u0442<\/label><\/div>\n\t\t<div class=\"frm_radio\" id=\"frm_radio_18-1\"><label for=\"field_38t6p-1\">\t\t<input type=\"radio\" name=\"item_meta[18]\" id=\"field_38t6p-1\" value=\"1\"\n\t\t   data-reqmsg=\"\u00c7ocuk Say\u0131n\u0131z cannot be blank.\" data-invmsg=\"\u00c7ocuk Say\u0131n\u0131z \u043d\u0435\u0434\u0435\u0439\u0441\u0442\u0432\u0438\u0442\u0435\u043b\u0435\u043d\" aria-invalid=\"false\"  \/> 1<\/label><\/div>\n\t\t<div class=\"frm_radio\" id=\"frm_radio_18-2\"><label for=\"field_38t6p-2\">\t\t<input type=\"radio\" name=\"item_meta[18]\" id=\"field_38t6p-2\" value=\"2\"\n\t\t   data-reqmsg=\"\u00c7ocuk Say\u0131n\u0131z cannot be blank.\" data-invmsg=\"\u00c7ocuk Say\u0131n\u0131z \u043d\u0435\u0434\u0435\u0439\u0441\u0442\u0432\u0438\u0442\u0435\u043b\u0435\u043d\" aria-invalid=\"false\"  \/> 2<\/label><\/div>\n\t\t<div class=\"frm_radio\" id=\"frm_radio_18-3\"><label for=\"field_38t6p-3\">\t\t<input type=\"radio\" name=\"item_meta[18]\" id=\"field_38t6p-3\" value=\"3\"\n\t\t   data-reqmsg=\"\u00c7ocuk Say\u0131n\u0131z cannot be blank.\" data-invmsg=\"\u00c7ocuk Say\u0131n\u0131z \u043d\u0435\u0434\u0435\u0439\u0441\u0442\u0432\u0438\u0442\u0435\u043b\u0435\u043d\" aria-invalid=\"false\"  \/> 3<\/label><\/div>\n\t\t<div class=\"frm_radio\" id=\"frm_radio_18-4\"><label for=\"field_38t6p-4\">\t\t<input type=\"radio\" name=\"item_meta[18]\" id=\"field_38t6p-4\" value=\"Daha Fazla\"\n\t\t   data-reqmsg=\"\u00c7ocuk Say\u0131n\u0131z cannot be blank.\" data-invmsg=\"\u00c7ocuk Say\u0131n\u0131z \u043d\u0435\u0434\u0435\u0439\u0441\u0442\u0432\u0438\u0442\u0435\u043b\u0435\u043d\" aria-invalid=\"false\"  \/> \u0411\u043e\u043b\u0435\u0435<\/label><\/div>\n<\/div>\r\n    \r\n    \r\n<\/div>\n<div id=\"frm_field_19_container\" class=\"frm_form_field form-field  frm_required_field frm_top_container frm6\">\r\n    <label for=\"field_wjhz9\" id=\"field_wjhz9_label\" class=\"frm_primary_label\">\u0421\u0442\u0440\u0430\u043d\u0430 \u043f\u0440\u0435\u0431\u044b\u0432\u0430\u043d\u0438\u044f\r\n        <span class=\"frm_required\" aria-hidden=\"true\">*<\/span>\r\n    <\/label>\r\n    <input type=\"text\" id=\"field_wjhz9\" name=\"item_meta[19]\" value=\"\"  data-reqmsg=\"Ya\u015fad\u0131\u011f\u0131n\u0131z \u00dclke cannot be blank.\" aria-required=\"true\" data-invmsg=\"Text is invalid\" aria-invalid=\"false\"  \/>\r\n    \r\n    \r\n<\/div>\n<div id=\"frm_field_11_container\" class=\"frm_form_field form-field  frm_required_field frm_top_container frm12 frm_first vertical_radio\">\r\n    <div  id=\"field_wx719_label\" class=\"frm_primary_label\">\u0412\u0430\u0448 \u0443\u0440\u043e\u0432\u0435\u043d\u044c \u043e\u0431\u0440\u0430\u0437\u043e\u0432\u0430\u043d\u0438\u044f\r\n        <span class=\"frm_required\" aria-hidden=\"true\">*<\/span>\r\n    <\/div>\r\n    <div class=\"frm_opt_container\" aria-labelledby=\"field_wx719_label\" role=\"radiogroup\" aria-required=\"true\">\t\t<div class=\"frm_radio\" id=\"frm_radio_11-0\"><label for=\"field_wx719-0\">\t\t<input type=\"radio\" name=\"item_meta[11]\" id=\"field_wx719-0\" value=\"Diplomas\u0131z\"\n\t\t   data-reqmsg=\"E\u011fitim Seviyeniz cannot be blank.\" data-invmsg=\"E\u011fitim Seviyeniz \u043d\u0435\u0434\u0435\u0439\u0441\u0442\u0432\u0438\u0442\u0435\u043b\u0435\u043d\" aria-invalid=\"false\"  \/> \u0431\u0435\u0437 \u0434\u0438\u043f\u043b\u043e\u043c\u0430<\/label><\/div>\n\t\t<div class=\"frm_radio\" id=\"frm_radio_11-1\"><label for=\"field_wx719-1\">\t\t<input type=\"radio\" name=\"item_meta[11]\" id=\"field_wx719-1\" value=\"\u0130lkokul\"\n\t\t   data-reqmsg=\"E\u011fitim Seviyeniz cannot be blank.\" data-invmsg=\"E\u011fitim Seviyeniz \u043d\u0435\u0434\u0435\u0439\u0441\u0442\u0432\u0438\u0442\u0435\u043b\u0435\u043d\" aria-invalid=\"false\"  \/> \u041d\u0430\u0447\u0430\u043b\u044c\u043d\u0430\u044f \u0448\u043a\u043e\u043b\u0430<\/label><\/div>\n\t\t<div class=\"frm_radio\" id=\"frm_radio_11-2\"><label for=\"field_wx719-2\">\t\t<input type=\"radio\" name=\"item_meta[11]\" id=\"field_wx719-2\" value=\"Lise\"\n\t\t   data-reqmsg=\"E\u011fitim Seviyeniz cannot be blank.\" data-invmsg=\"E\u011fitim Seviyeniz \u043d\u0435\u0434\u0435\u0439\u0441\u0442\u0432\u0438\u0442\u0435\u043b\u0435\u043d\" aria-invalid=\"false\"  \/> \u0421\u0440\u0435\u0434\u043d\u044f\u044f \u0448\u043a\u043e\u043b\u0430<\/label><\/div>\n\t\t<div class=\"frm_radio\" id=\"frm_radio_11-3\"><label for=\"field_wx719-3\">\t\t<input type=\"radio\" name=\"item_meta[11]\" id=\"field_wx719-3\" value=\"\u00dcniversite\"\n\t\t   data-reqmsg=\"E\u011fitim Seviyeniz cannot be blank.\" data-invmsg=\"E\u011fitim Seviyeniz \u043d\u0435\u0434\u0435\u0439\u0441\u0442\u0432\u0438\u0442\u0435\u043b\u0435\u043d\" aria-invalid=\"false\"  \/> \u0423\u043d\u0438\u0432\u0435\u0440\u0441\u0438\u0442\u0435\u0442<\/label><\/div>\n\t\t<div class=\"frm_radio\" id=\"frm_radio_11-4\"><label for=\"field_wx719-4\">\t\t<input type=\"radio\" name=\"item_meta[11]\" id=\"field_wx719-4\" value=\"Y\u00fcksek Lisans\"\n\t\t   data-reqmsg=\"E\u011fitim Seviyeniz cannot be blank.\" data-invmsg=\"E\u011fitim Seviyeniz \u043d\u0435\u0434\u0435\u0439\u0441\u0442\u0432\u0438\u0442\u0435\u043b\u0435\u043d\" aria-invalid=\"false\"  \/> \u0421\u0442\u0435\u043f\u0435\u043d\u044c<\/label><\/div>\n\t\t<div class=\"frm_radio\" id=\"frm_radio_11-5\"><label for=\"field_wx719-5\">\t\t<input type=\"radio\" name=\"item_meta[11]\" id=\"field_wx719-5\" value=\"Doktora\"\n\t\t   data-reqmsg=\"E\u011fitim Seviyeniz cannot be blank.\" data-invmsg=\"E\u011fitim Seviyeniz \u043d\u0435\u0434\u0435\u0439\u0441\u0442\u0432\u0438\u0442\u0435\u043b\u0435\u043d\" aria-invalid=\"false\"  \/> \u0414\u043e\u043a\u0442\u043e\u0440\u0430\u043d\u0442\u0443\u0440\u0430<\/label><\/div>\n<\/div>\r\n    \r\n    \r\n<\/div>\n<div id=\"frm_field_22_container\" class=\"frm_form_field form-field  frm_top_container frm6 frm_first\">\r\n    <label for=\"field_gof8g\" id=\"field_gof8g_label\" class=\"frm_primary_label\">\u0412\u0430\u0448\u0430 \u043e\u0431\u043b\u0430\u0441\u0442\u044c \u0437\u043d\u0430\u043d\u0438\u0439\r\n        <span class=\"frm_required\" aria-hidden=\"true\"><\/span>\r\n    <\/label>\r\n    <input type=\"text\" id=\"field_gof8g\" name=\"item_meta[22]\" value=\"\"  data-invmsg=\"Text is invalid\" aria-invalid=\"false\"  \/>\r\n    \r\n    \r\n<\/div>\n<div id=\"frm_field_21_container\" class=\"frm_form_field form-field  frm_top_container frm6\">\r\n    <label for=\"field_opa5b\" id=\"field_opa5b_label\" class=\"frm_primary_label\">\u041e\u043f\u044b\u0442 \u0440\u0430\u0431\u043e\u0442\u044b (\u043b\u0435\u0442)\r\n        <span class=\"frm_required\" aria-hidden=\"true\"><\/span>\r\n    <\/label>\r\n    <input type=\"text\" id=\"field_opa5b\" name=\"item_meta[21]\" value=\"\"  data-invmsg=\"Text is invalid\" aria-invalid=\"false\"  \/>\r\n    \r\n    \r\n<\/div>\n<div id=\"frm_field_23_container\" class=\"frm_form_field form-field  frm_required_field frm_top_container frm6 frm_first vertical_radio\">\r\n    <div  id=\"field_kri67_label\" class=\"frm_primary_label\">\u0418\u0434\u0435\u044f \u0432\u0430\u0448\u0435\u0433\u043e \u043f\u0440\u043e\u0435\u043a\u0442\u0430 \r\n        <span class=\"frm_required\" aria-hidden=\"true\">*<\/span>\r\n    <\/div>\r\n    <div class=\"frm_opt_container\" aria-labelledby=\"field_kri67_label\" role=\"radiogroup\" aria-required=\"true\">\t\t<div class=\"frm_radio\" id=\"frm_radio_23-0\"><label for=\"field_kri67-0\">\t\t<input type=\"radio\" name=\"item_meta[23]\" id=\"field_kri67-0\" value=\"Yok\"\n\t\t   data-reqmsg=\"Proje Fikriniz  cannot be blank.\" data-invmsg=\"Proje Fikriniz  \u043d\u0435\u0434\u0435\u0439\u0441\u0442\u0432\u0438\u0442\u0435\u043b\u0435\u043d\" aria-invalid=\"false\"  \/> \u043d\u0435\u0442<\/label><\/div>\n\t\t<div class=\"frm_radio\" id=\"frm_radio_23-1\"><label for=\"field_kri67-1\">\t\t<input type=\"radio\" name=\"item_meta[23]\" id=\"field_kri67-1\" value=\"Var\"\n\t\t   data-reqmsg=\"Proje Fikriniz  cannot be blank.\" data-invmsg=\"Proje Fikriniz  \u043d\u0435\u0434\u0435\u0439\u0441\u0442\u0432\u0438\u0442\u0435\u043b\u0435\u043d\" aria-invalid=\"false\"  \/> \u0415\u0441\u0442\u044c<\/label><\/div>\n<\/div>\r\n    \r\n    \r\n<\/div>\n<div id=\"frm_field_50_container\" class=\"frm_form_field form-field  frm_top_container\">\r\n    <label for=\"field_cqhj\" id=\"field_cqhj_label\" class=\"frm_primary_label\">\u0442\u0435\u043a\u0441\u0442\r\n        <span class=\"frm_required\" aria-hidden=\"true\"><\/span>\r\n    <\/label>\r\n    <input type=\"text\" id=\"field_cqhj\" name=\"item_meta[50]\" value=\"\"  data-invmsg=\"Text is invalid\" aria-invalid=\"false\"  \/>\r\n    \r\n    \r\n<\/div>\n<div id=\"frm_field_12_container\" class=\"frm_form_field form-field  frm_required_field frm_top_container frm6 vertical_radio\">\r\n    <div  id=\"field_5cpst_label\" class=\"frm_primary_label\">\u0412\u0430\u0448 \u0443\u0440\u043e\u0432\u0435\u043d\u044c \u0430\u043d\u0433\u043b\u0438\u0439\u0441\u043a\u043e\u0433\u043e\r\n        <span class=\"frm_required\" aria-hidden=\"true\">*<\/span>\r\n    <\/div>\r\n    <div class=\"frm_opt_container\" aria-labelledby=\"field_5cpst_label\" role=\"radiogroup\" aria-required=\"true\">\t\t<div class=\"frm_radio\" id=\"frm_radio_12-0\"><label for=\"field_5cpst-0\">\t\t<input type=\"radio\" name=\"item_meta[12]\" id=\"field_5cpst-0\" value=\"Yok\"\n\t\t   data-reqmsg=\"\u0130ngilizce Seviyeniz cannot be blank.\" data-invmsg=\"\u0130ngilizce Seviyeniz \u043d\u0435\u0434\u0435\u0439\u0441\u0442\u0432\u0438\u0442\u0435\u043b\u0435\u043d\" aria-invalid=\"false\"  \/> \u043d\u0435\u0442<\/label><\/div>\n\t\t<div class=\"frm_radio\" id=\"frm_radio_12-1\"><label for=\"field_5cpst-1\">\t\t<input type=\"radio\" name=\"item_meta[12]\" id=\"field_5cpst-1\" value=\"Ba\u015flang\u0131\u00e7\"\n\t\t   data-reqmsg=\"\u0130ngilizce Seviyeniz cannot be blank.\" data-invmsg=\"\u0130ngilizce Seviyeniz \u043d\u0435\u0434\u0435\u0439\u0441\u0442\u0432\u0438\u0442\u0435\u043b\u0435\u043d\" aria-invalid=\"false\"  \/> \u041d\u0430\u0447\u0430\u043b\u043e<\/label><\/div>\n\t\t<div class=\"frm_radio\" id=\"frm_radio_12-2\"><label for=\"field_5cpst-2\">\t\t<input type=\"radio\" name=\"item_meta[12]\" id=\"field_5cpst-2\" value=\"Orta\"\n\t\t   data-reqmsg=\"\u0130ngilizce Seviyeniz cannot be blank.\" data-invmsg=\"\u0130ngilizce Seviyeniz \u043d\u0435\u0434\u0435\u0439\u0441\u0442\u0432\u0438\u0442\u0435\u043b\u0435\u043d\" aria-invalid=\"false\"  \/> \u0421\u0435\u0440\u0435\u0434\u0438\u043d\u0430<\/label><\/div>\n\t\t<div class=\"frm_radio\" id=\"frm_radio_12-3\"><label for=\"field_5cpst-3\">\t\t<input type=\"radio\" name=\"item_meta[12]\" id=\"field_5cpst-3\" value=\"\u0130leri\"\n\t\t   data-reqmsg=\"\u0130ngilizce Seviyeniz cannot be blank.\" data-invmsg=\"\u0130ngilizce Seviyeniz \u043d\u0435\u0434\u0435\u0439\u0441\u0442\u0432\u0438\u0442\u0435\u043b\u0435\u043d\" aria-invalid=\"false\"  \/> \u0412\u043f\u0435\u0440\u0435\u0434<\/label><\/div>\n<\/div>\r\n    \r\n    \r\n<\/div>\n\t<input type=\"hidden\" name=\"item_key\" value=\"\" \/>\n\t\t\t\t<div class=\"frm__663cbf3dace01\">\n\t\t\t\t<label for=\"frm_email_2\" >\n\t\t\t\t\t\u0415\u0441\u043b\u0438 \u0432\u044b \u0447\u0435\u043b\u043e\u0432\u0435\u043a, \u043e\u0441\u0442\u0430\u0432\u044c\u0442\u0435 \u044d\u0442\u043e \u043f\u043e\u043b\u0435 \u043f\u0443\u0441\u0442\u044b\u043c.\t\t\t\t<\/label>\n\t\t\t\t<input  id=\"frm_email_2\" type=\"text\" class=\"frm_verify\" name=\"frm__663cbf3dace01\" value=\"\" autocomplete=\"false\"  \/>\n\t\t\t<\/div>\n\t\t<div class=\"frm_submit\">\r\n\r\n<button class=\"frm_button_submit\" type=\"submit\"  >G\u00f6nder<\/button>\r\n\r\n<\/div><\/div>\n<\/fieldset>\n<\/div>\n<input type=\"hidden\" name=\"trp-form-language\" value=\"ru\"\/><\/form>\n<\/div>\n<\/p>\t\t\t\t\t\t<\/div>\n\t\t\t\t<\/div>\n\t\t\t\t\t<\/div>\n\t\t<\/div>\n\t\t\t\t\t<\/div>\n\t\t<\/section>\n\t\t\t\t<\/div>","protected":false},"excerpt":{"rendered":"<p>Aday Bilgi Formu Ad * Ad \u0130sim \u0130sim Soyisim Soyisim E-Mail * Telefon * Do\u011fum Tarihiniz (G\u00fcn\/Ay\/Y\u0131l) Medeni Durumunuz * Evli Bekar \u00c7ocuk Say\u0131n\u0131z * Yok 1 2 3 Daha Fazla Ya\u015fad\u0131\u011f\u0131n\u0131z \u00dclke * E\u011fitim Seviyeniz * Diplomas\u0131z \u0130lkokul Lise \u00dcniversite Y\u00fcksek Lisans Doktora Uzmanl\u0131k Alan\u0131n\u0131z Uzmanl\u0131k S\u00fcreniz (Y\u0131l) Proje Fikriniz * Yok Var Text&hellip;<\/p>","protected":false},"author":1,"featured_media":0,"parent":0,"menu_order":0,"comment_status":"closed","ping_status":"closed","template":"","meta":{"footnotes":""},"class_list":["post-78323","page","type-page","status-publish","hentry"],"_links":{"self":[{"href":"https:\/\/catalystinternational.com.tr\/ru\/wp-json\/wp\/v2\/pages\/78323","targetHints":{"allow":["GET"]}}],"collection":[{"href":"https:\/\/catalystinternational.com.tr\/ru\/wp-json\/wp\/v2\/pages"}],"about":[{"href":"https:\/\/catalystinternational.com.tr\/ru\/wp-json\/wp\/v2\/types\/page"}],"author":[{"embeddable":true,"href":"https:\/\/catalystinternational.com.tr\/ru\/wp-json\/wp\/v2\/users\/1"}],"replies":[{"embeddable":true,"href":"https:\/\/catalystinternational.com.tr\/ru\/wp-json\/wp\/v2\/comments?post=78323"}],"version-history":[{"count":0,"href":"https:\/\/catalystinternational.com.tr\/ru\/wp-json\/wp\/v2\/pages\/78323\/revisions"}],"wp:attachment":[{"href":"https:\/\/catalystinternational.com.tr\/ru\/wp-json\/wp\/v2\/media?parent=78323"}],"curies":[{"name":"wp","href":"https:\/\/api.w.org\/{rel}","templated":true}]}}