{"id":7613,"date":"2020-11-06T14:08:10","date_gmt":"2020-11-06T11:08:10","guid":{"rendered":"https:\/\/the7.io\/elementor-main\/?page_id=7613"},"modified":"2023-06-20T18:59:46","modified_gmt":"2023-06-20T15:59:46","slug":"sirketimiz","status":"publish","type":"page","link":"https:\/\/catalystinternational.com.tr\/fr\/notre-compagnie\/","title":{"rendered":"Notre Compagnie"},"content":{"rendered":"<div data-elementor-type=\"wp-page\" data-elementor-id=\"7613\" class=\"elementor elementor-7613\" data-elementor-post-type=\"page\">\n\t\t\t\t\t\t<section class=\"elementor-section elementor-top-section elementor-element elementor-element-5fb22b9f elementor-reverse-tablet elementor-reverse-mobile elementor-section-height-min-height elementor-section-boxed elementor-section-height-default elementor-section-items-middle\" data-id=\"5fb22b9f\" data-element_type=\"section\" data-settings=\"{&quot;background_background&quot;:&quot;classic&quot;}\">\n\t\t\t\t\t\t<div class=\"elementor-container elementor-column-gap-wider\">\n\t\t\t\t\t<div class=\"elementor-column elementor-col-50 elementor-top-column elementor-element elementor-element-1b5fcbb9\" data-id=\"1b5fcbb9\" data-element_type=\"column\">\n\t\t\t<div class=\"elementor-widget-wrap elementor-element-populated\">\n\t\t\t\t\t\t<div class=\"elementor-element elementor-element-3bde6b3a elementor-widget elementor-widget-heading\" data-id=\"3bde6b3a\" data-element_type=\"widget\" data-widget_type=\"heading.default\">\n\t\t\t\t<div class=\"elementor-widget-container\">\n\t\t\t<h2 class=\"elementor-heading-title elementor-size-default\">\u00e0 propos de nous<\/h2>\t\t<\/div>\n\t\t\t\t<\/div>\n\t\t\t\t\t<\/div>\n\t\t<\/div>\n\t\t\t\t<div class=\"elementor-column elementor-col-50 elementor-top-column elementor-element elementor-element-1ee2b3e4\" data-id=\"1ee2b3e4\" data-element_type=\"column\">\n\t\t\t<div class=\"elementor-widget-wrap elementor-element-populated\">\n\t\t\t\t\t\t<div class=\"elementor-element elementor-element-2143bf5 elementor-widget elementor-widget-the7-breadcrumb\" data-id=\"2143bf5\" data-element_type=\"widget\" data-widget_type=\"the7-breadcrumb.default\">\n\t\t\t\t<div class=\"elementor-widget-container\">\n\t\t\t<div class=\"assistive-text\">Vous \u00eates ici :<\/div><ol class=\"breadcrumbs text-small rcrumbs\" itemscope itemtype=\"https:\/\/schema.org\/BreadcrumbList\"><li itemprop=\"itemListElement\" itemscope itemtype=\"https:\/\/schema.org\/ListItem\"><a itemprop=\"item\" href=\"https:\/\/catalystinternational.com.tr\/fr\/\" title=\"Accueil\"><span itemprop=\"name\">Accueil<\/span><\/a><meta itemprop=\"position\" content=\"1\" \/><\/li><li class=\"current\" itemprop=\"itemListElement\" itemscope itemtype=\"https:\/\/schema.org\/ListItem\"><span itemprop=\"name\">Page<\/span><meta itemprop=\"position\" content=\"2\" \/><\/li><\/ol>\t\t<\/div>\n\t\t\t\t<\/div>\n\t\t\t\t\t<\/div>\n\t\t<\/div>\n\t\t\t\t\t<\/div>\n\t\t<\/section>\n\t\t\t\t<section class=\"elementor-section elementor-top-section elementor-element elementor-element-c7b54ee elementor-section-stretched elementor-reverse-tablet elementor-reverse-mobile elementor-section-boxed elementor-section-height-default elementor-section-height-default\" data-id=\"c7b54ee\" data-element_type=\"section\" data-settings=\"{&quot;stretch_section&quot;:&quot;section-stretched&quot;}\">\n\t\t\t\t\t\t<div class=\"elementor-container elementor-column-gap-wider\">\n\t\t\t\t\t<div class=\"elementor-column elementor-col-50 elementor-top-column elementor-element elementor-element-e02bf89\" data-id=\"e02bf89\" data-element_type=\"column\">\n\t\t\t<div class=\"elementor-widget-wrap elementor-element-populated\">\n\t\t\t\t\t\t<div class=\"elementor-element elementor-element-b465734 elementor-invisible elementor-widget elementor-widget-heading\" data-id=\"b465734\" data-element_type=\"widget\" data-settings=\"{&quot;_animation&quot;:&quot;fadeInLeft&quot;}\" data-widget_type=\"heading.default\">\n\t\t\t\t<div class=\"elementor-widget-container\">\n\t\t\t<h2 class=\"elementor-heading-title elementor-size-default\">\u00c0 propos de Catalyst International<\/h2>\t\t<\/div>\n\t\t\t\t<\/div>\n\t\t\t\t<div class=\"elementor-element elementor-element-3c8e41a elementor-widget elementor-widget-spacer\" data-id=\"3c8e41a\" data-element_type=\"widget\" data-widget_type=\"spacer.default\">\n\t\t\t\t<div class=\"elementor-widget-container\">\n\t\t\t\t\t<div class=\"elementor-spacer\">\n\t\t\t<div class=\"elementor-spacer-inner\"><\/div>\n\t\t<\/div>\n\t\t\t\t<\/div>\n\t\t\t\t<\/div>\n\t\t\t\t<div class=\"elementor-element elementor-element-14c1d33 elementor-invisible elementor-widget elementor-widget-heading\" data-id=\"14c1d33\" data-element_type=\"widget\" data-settings=\"{&quot;_animation&quot;:&quot;fadeInLeft&quot;}\" data-widget_type=\"heading.default\">\n\t\t\t\t<div class=\"elementor-widget-container\">\n\t\t\t<h4 class=\"elementor-heading-title elementor-size-default\">Nous projetons toutes vos id\u00e9es de d\u00e9marrage dans le monde et les transformons en programme de visa de d\u00e9marrage. <\/h4>\t\t<\/div>\n\t\t\t\t<\/div>\n\t\t\t\t<div class=\"elementor-element elementor-element-738bb8b elementor-widget elementor-widget-spacer\" data-id=\"738bb8b\" data-element_type=\"widget\" data-widget_type=\"spacer.default\">\n\t\t\t\t<div class=\"elementor-widget-container\">\n\t\t\t\t\t<div class=\"elementor-spacer\">\n\t\t\t<div class=\"elementor-spacer-inner\"><\/div>\n\t\t<\/div>\n\t\t\t\t<\/div>\n\t\t\t\t<\/div>\n\t\t\t\t<div class=\"elementor-element elementor-element-e768790 elementor-invisible elementor-widget elementor-widget-text-editor\" data-id=\"e768790\" data-element_type=\"widget\" data-settings=\"{&quot;_animation&quot;:&quot;fadeInLeft&quot;}\" data-widget_type=\"text-editor.default\">\n\t\t\t\t<div class=\"elementor-widget-container\">\n\t\t\t\t\t\t\t<p>Catalyst International est une entreprise qui se consacre \u00e0 apporter des id\u00e9es novatrices, cr\u00e9atives et entrepreneuriales aux principales universit\u00e9s canadiennes. Notre objectif est de vous aider \u00e0 d\u00e9velopper ces id\u00e9es jusqu'\u00e0 leur stade \u00e9prouv\u00e9 et \u00e0 vous aider \u00e0 obtenir la r\u00e9sidence permanente au Canada.<\/p><p><br \/>Chez Catalyst International, nous comprenons que le processus d'obtention de la r\u00e9sidence permanente au Canada peut \u00eatre difficile et intimidant. C'est pourquoi nous sommes l\u00e0 pour vous offrir un soutien et une assistance \u00e0 chaque \u00e9tape du processus. Notre \u00e9quipe de professionnels comp\u00e9tents et exp\u00e9riment\u00e9s travaillera avec vous pour s'assurer que vous demandez la r\u00e9sidence permanente de la mani\u00e8re la plus fluide et la moins stressante possible.<\/p><p><br \/>Nous croyons que l'innovation, la cr\u00e9ativit\u00e9 et l'esprit d'entreprise sont les principaux facteurs qui assurent la croissance et le progr\u00e8s de la soci\u00e9t\u00e9. C'est pourquoi nous nous engageons \u00e0 travailler avec vous pour donner vie \u00e0 vos id\u00e9es et vous aider \u00e0 r\u00e9ussir au Canada. Si vous avez une id\u00e9e g\u00e9niale que vous aimeriez r\u00e9aliser, n'h\u00e9sitez pas \u00e0 nous contacter. Nous avons h\u00e2te d'avoir de tes nouvelles!<\/p>\t\t\t\t\t\t<\/div>\n\t\t\t\t<\/div>\n\t\t\t\t<div class=\"elementor-element elementor-element-c626c8b elementor-widget elementor-widget-spacer\" data-id=\"c626c8b\" data-element_type=\"widget\" data-widget_type=\"spacer.default\">\n\t\t\t\t<div class=\"elementor-widget-container\">\n\t\t\t\t\t<div class=\"elementor-spacer\">\n\t\t\t<div class=\"elementor-spacer-inner\"><\/div>\n\t\t<\/div>\n\t\t\t\t<\/div>\n\t\t\t\t<\/div>\n\t\t\t\t\t<\/div>\n\t\t<\/div>\n\t\t\t\t<div class=\"elementor-column elementor-col-50 elementor-top-column elementor-element elementor-element-a8defc0\" data-id=\"a8defc0\" data-element_type=\"column\" data-settings=\"{&quot;background_background&quot;:&quot;classic&quot;}\">\n\t\t\t<div class=\"elementor-widget-wrap elementor-element-populated\">\n\t\t\t\t\t\t<div class=\"elementor-element elementor-element-35e9688 e-transform e-transform elementor-absolute e-transform elementor-widget elementor-widget-image\" data-id=\"35e9688\" data-element_type=\"widget\" data-settings=\"{&quot;_transform_flipX_effect&quot;:&quot;transform&quot;,&quot;_transform_flipY_effect&quot;:&quot;transform&quot;,&quot;_position&quot;:&quot;absolute&quot;,&quot;_transform_translateX_effect&quot;:{&quot;unit&quot;:&quot;%&quot;,&quot;size&quot;:-1,&quot;sizes&quot;:[]},&quot;_transform_translateX_effect_tablet&quot;:{&quot;unit&quot;:&quot;%&quot;,&quot;size&quot;:&quot;&quot;,&quot;sizes&quot;:[]},&quot;_transform_translateX_effect_mobile&quot;:{&quot;unit&quot;:&quot;%&quot;,&quot;size&quot;:&quot;&quot;,&quot;sizes&quot;:[]},&quot;_transform_translateY_effect&quot;:{&quot;unit&quot;:&quot;%&quot;,&quot;size&quot;:-3,&quot;sizes&quot;:[]},&quot;_transform_translateY_effect_tablet&quot;:{&quot;unit&quot;:&quot;%&quot;,&quot;size&quot;:&quot;&quot;,&quot;sizes&quot;:[]},&quot;_transform_translateY_effect_mobile&quot;:{&quot;unit&quot;:&quot;%&quot;,&quot;size&quot;:&quot;&quot;,&quot;sizes&quot;:[]}}\" data-widget_type=\"image.default\">\n\t\t\t\t<div class=\"elementor-widget-container\">\n\t\t\t\t\t\t\t\t\t\t\t\t\t<img decoding=\"async\" src=\"https:\/\/catalystinternational.com.tr\/wp-content\/uploads\/2022\/02\/bg-grey.png\" title=\"\" alt=\"\" loading=\"lazy\" \/>\t\t\t\t\t\t\t\t\t\t\t\t\t<\/div>\n\t\t\t\t<\/div>\n\t\t\t\t<div class=\"elementor-element elementor-element-74bcaea elementor-widget elementor-widget-image\" data-id=\"74bcaea\" data-element_type=\"widget\" data-widget_type=\"image.default\">\n\t\t\t\t<div class=\"elementor-widget-container\">\n\t\t\t\t\t\t\t\t\t\t\t\t\t<img decoding=\"async\" src=\"https:\/\/catalystinternational.com.tr\/wp-content\/uploads\/elementor\/thumbs\/immigrate-with-family_1500x1000-ppaibs8836wzzpfcs365qfb8vpbbzborffaiivnhw8.jpg\" title=\"Adorable cute happy Caucasian boys holding Canadian flag on the father shoulder\" alt=\"Adorable cute Caucasian boys holding Canadian flag on the father shoulder\" loading=\"lazy\" \/>\t\t\t\t\t\t\t\t\t\t\t\t\t<\/div>\n\t\t\t\t<\/div>\n\t\t\t\t\t<\/div>\n\t\t<\/div>\n\t\t\t\t\t<\/div>\n\t\t<\/section>\n\t\t\t\t<section class=\"elementor-section elementor-top-section elementor-element elementor-element-8bdbffb elementor-section-boxed elementor-section-height-default elementor-section-height-default\" data-id=\"8bdbffb\" data-element_type=\"section\">\n\t\t\t\t\t\t<div class=\"elementor-container elementor-column-gap-wider\">\n\t\t\t\t\t<div class=\"elementor-column elementor-col-100 elementor-top-column elementor-element elementor-element-a6d7579\" data-id=\"a6d7579\" data-element_type=\"column\">\n\t\t\t<div class=\"elementor-widget-wrap elementor-element-populated\">\n\t\t\t\t\t\t<div class=\"elementor-element elementor-element-15bc8a7 elementor-widget elementor-widget-heading\" data-id=\"15bc8a7\" data-element_type=\"widget\" data-widget_type=\"heading.default\">\n\t\t\t\t<div class=\"elementor-widget-container\">\n\t\t\t<h2 class=\"elementor-heading-title elementor-size-default\">Pourquoi Catalyst International ?<\/h2>\t\t<\/div>\n\t\t\t\t<\/div>\n\t\t\t\t<div class=\"elementor-element elementor-element-c7f5e8e elementor-widget elementor-widget-spacer\" data-id=\"c7f5e8e\" data-element_type=\"widget\" data-widget_type=\"spacer.default\">\n\t\t\t\t<div class=\"elementor-widget-container\">\n\t\t\t\t\t<div class=\"elementor-spacer\">\n\t\t\t<div class=\"elementor-spacer-inner\"><\/div>\n\t\t<\/div>\n\t\t\t\t<\/div>\n\t\t\t\t<\/div>\n\t\t\t\t<div class=\"elementor-element elementor-element-9229f93 elementor-widget elementor-widget-heading\" data-id=\"9229f93\" data-element_type=\"widget\" data-widget_type=\"heading.default\">\n\t\t\t\t<div class=\"elementor-widget-container\">\n\t\t\t<h2 class=\"elementor-heading-title elementor-size-default\">Hayalleri Ger\u00e7e\u011fe D\u00f6n\u00fc\u015ft\u00fcr\u00fcyoruz!<\/h2>\t\t<\/div>\n\t\t\t\t<\/div>\n\t\t\t\t<div class=\"elementor-element elementor-element-ba5d792 elementor-widget elementor-widget-spacer\" data-id=\"ba5d792\" data-element_type=\"widget\" data-widget_type=\"spacer.default\">\n\t\t\t\t<div class=\"elementor-widget-container\">\n\t\t\t\t\t<div class=\"elementor-spacer\">\n\t\t\t<div class=\"elementor-spacer-inner\"><\/div>\n\t\t<\/div>\n\t\t\t\t<\/div>\n\t\t\t\t<\/div>\n\t\t\t\t<div class=\"elementor-element elementor-element-48f926c elementor-widget elementor-widget-text-editor\" data-id=\"48f926c\" data-element_type=\"widget\" data-widget_type=\"text-editor.default\">\n\t\t\t\t<div class=\"elementor-widget-container\">\n\t\t\t\t\t\t\t<p>Catalyst International est une entreprise qui vous aide \u00e0 transformer vos id\u00e9es cr\u00e9atives en une start-up prosp\u00e8re. Nous sommes fiers d'\u00eatre un partenaire officiel du Centre de technologie de l'Universit\u00e9 technique de l'Ontario, ce qui d\u00e9montre notre capacit\u00e9 \u00e0 aider les entrepreneurs au niveau national. En travaillant avec nous, vous obtenez une chance unique de pr\u00e9senter vos id\u00e9es \u00e0 notre \u00e9quipe d'experts et d'obtenir l'approbation. Cette offre est r\u00e9serv\u00e9e aux clients de Catalyst International.<br \/><br \/>Vous n'avez pas \u00e0 vous soucier de vos id\u00e9es car nous fournissons toutes les ressources et comp\u00e9tences dont vous avez besoin pour vous guider \u00e0 chaque \u00e9tape du processus. Si vous \u00eates pr\u00eat \u00e0 transformer vos id\u00e9es en v\u00e9ritables affaires, contactez-nous d\u00e8s aujourd'hui !<\/p>\t\t\t\t\t\t<\/div>\n\t\t\t\t<\/div>\n\t\t\t\t\t<\/div>\n\t\t<\/div>\n\t\t\t\t\t<\/div>\n\t\t<\/section>\n\t\t\t\t<section class=\"elementor-section elementor-top-section elementor-element elementor-element-83d7c9f elementor-section-boxed elementor-section-height-default elementor-section-height-default\" data-id=\"83d7c9f\" data-element_type=\"section\">\n\t\t\t\t\t\t<div class=\"elementor-container elementor-column-gap-default\">\n\t\t\t\t\t<div class=\"elementor-column elementor-col-33 elementor-top-column elementor-element elementor-element-d6b2a16\" data-id=\"d6b2a16\" data-element_type=\"column\">\n\t\t\t<div class=\"elementor-widget-wrap elementor-element-populated\">\n\t\t\t\t\t\t<div class=\"elementor-element elementor-element-3788d24 elementor-widget elementor-widget-image\" data-id=\"3788d24\" data-element_type=\"widget\" data-widget_type=\"image.default\">\n\t\t\t\t<div class=\"elementor-widget-container\">\n\t\t\t\t\t\t\t\t\t\t\t\t\t\t<a href=\"https:\/\/research.ontariotechu.ca\/\/entrepreneurship\/index.php\">\n\t\t\t\t\t\t\t<img decoding=\"async\" width=\"300\" height=\"66\" src=\"https:\/\/catalystinternational.com.tr\/wp-content\/uploads\/2023\/06\/Ontario_Tech_University_Logo-300x66.png\" class=\"attachment-medium size-medium wp-image-82526\" alt=\"\" srcset=\"https:\/\/catalystinternational.com.tr\/wp-content\/uploads\/2023\/06\/Ontario_Tech_University_Logo-300x66.png 300w, https:\/\/catalystinternational.com.tr\/wp-content\/uploads\/2023\/06\/Ontario_Tech_University_Logo-1024x226.png 1024w, https:\/\/catalystinternational.com.tr\/wp-content\/uploads\/2023\/06\/Ontario_Tech_University_Logo-768x170.png 768w, https:\/\/catalystinternational.com.tr\/wp-content\/uploads\/2023\/06\/Ontario_Tech_University_Logo-1536x339.png 1536w, https:\/\/catalystinternational.com.tr\/wp-content\/uploads\/2023\/06\/Ontario_Tech_University_Logo-2048x453.png 2048w, https:\/\/catalystinternational.com.tr\/wp-content\/uploads\/2023\/06\/Ontario_Tech_University_Logo-18x4.png 18w\" sizes=\"(max-width: 300px) 100vw, 300px\" \/>\t\t\t\t\t\t\t\t<\/a>\n\t\t\t\t\t\t\t\t\t\t\t\t\t<\/div>\n\t\t\t\t<\/div>\n\t\t\t\t\t<\/div>\n\t\t<\/div>\n\t\t\t\t<div class=\"elementor-column elementor-col-33 elementor-top-column elementor-element elementor-element-0118aea\" data-id=\"0118aea\" data-element_type=\"column\">\n\t\t\t<div class=\"elementor-widget-wrap elementor-element-populated\">\n\t\t\t\t\t\t<div class=\"elementor-element elementor-element-1da44ed elementor-widget elementor-widget-image\" data-id=\"1da44ed\" data-element_type=\"widget\" data-widget_type=\"image.default\">\n\t\t\t\t<div class=\"elementor-widget-container\">\n\t\t\t\t\t\t\t\t\t\t\t\t\t\t<a href=\"https:\/\/www.ontariotechbrilliant.ca\/\">\n\t\t\t\t\t\t\t<img decoding=\"async\" width=\"300\" height=\"89\" src=\"https:\/\/catalystinternational.com.tr\/wp-content\/uploads\/2023\/06\/brilliant_catalyst_logo-300x89.png\" class=\"attachment-medium size-medium wp-image-82452\" alt=\"\" srcset=\"https:\/\/catalystinternational.com.tr\/wp-content\/uploads\/2023\/06\/brilliant_catalyst_logo-300x89.png 300w, https:\/\/catalystinternational.com.tr\/wp-content\/uploads\/2023\/06\/brilliant_catalyst_logo-768x227.png 768w, https:\/\/catalystinternational.com.tr\/wp-content\/uploads\/2023\/06\/brilliant_catalyst_logo-18x5.png 18w, https:\/\/catalystinternational.com.tr\/wp-content\/uploads\/2023\/06\/brilliant_catalyst_logo.png 908w\" sizes=\"(max-width: 300px) 100vw, 300px\" \/>\t\t\t\t\t\t\t\t<\/a>\n\t\t\t\t\t\t\t\t\t\t\t\t\t<\/div>\n\t\t\t\t<\/div>\n\t\t\t\t\t<\/div>\n\t\t<\/div>\n\t\t\t\t<div class=\"elementor-column elementor-col-33 elementor-top-column elementor-element elementor-element-36863fc\" data-id=\"36863fc\" data-element_type=\"column\">\n\t\t\t<div class=\"elementor-widget-wrap elementor-element-populated\">\n\t\t\t\t\t\t<div class=\"elementor-element elementor-element-c7b9fc7 elementor-widget elementor-widget-image\" data-id=\"c7b9fc7\" data-element_type=\"widget\" data-widget_type=\"image.default\">\n\t\t\t\t<div class=\"elementor-widget-container\">\n\t\t\t\t\t\t\t\t\t\t\t\t\t\t<a href=\"https:\/\/catalystinternational.com.tr\/fr\/\">\n\t\t\t\t\t\t\t<img decoding=\"async\" width=\"300\" height=\"66\" src=\"https:\/\/catalystinternational.com.tr\/wp-content\/uploads\/2023\/06\/cata-123-300x66.png\" class=\"attachment-medium size-medium wp-image-82528\" alt=\"\" srcset=\"https:\/\/catalystinternational.com.tr\/wp-content\/uploads\/2023\/06\/cata-123-300x66.png 300w, https:\/\/catalystinternational.com.tr\/wp-content\/uploads\/2023\/06\/cata-123-1024x226.png 1024w, https:\/\/catalystinternational.com.tr\/wp-content\/uploads\/2023\/06\/cata-123-768x170.png 768w, https:\/\/catalystinternational.com.tr\/wp-content\/uploads\/2023\/06\/cata-123-1536x339.png 1536w, https:\/\/catalystinternational.com.tr\/wp-content\/uploads\/2023\/06\/cata-123-2048x453.png 2048w, https:\/\/catalystinternational.com.tr\/wp-content\/uploads\/2023\/06\/cata-123-18x4.png 18w\" sizes=\"(max-width: 300px) 100vw, 300px\" \/>\t\t\t\t\t\t\t\t<\/a>\n\t\t\t\t\t\t\t\t\t\t\t\t\t<\/div>\n\t\t\t\t<\/div>\n\t\t\t\t\t<\/div>\n\t\t<\/div>\n\t\t\t\t\t<\/div>\n\t\t<\/section>\n\t\t\t\t<section class=\"elementor-section elementor-top-section elementor-element elementor-element-d3ead97 elementor-section-boxed elementor-section-height-default elementor-section-height-default\" data-id=\"d3ead97\" data-element_type=\"section\">\n\t\t\t\t\t\t<div class=\"elementor-container elementor-column-gap-default\">\n\t\t\t\t\t<div class=\"elementor-column elementor-col-100 elementor-top-column elementor-element elementor-element-dc2f0ce\" data-id=\"dc2f0ce\" data-element_type=\"column\">\n\t\t\t<div class=\"elementor-widget-wrap elementor-element-populated\">\n\t\t\t\t\t\t<div class=\"elementor-element elementor-element-a9e1b4d elementor-widget elementor-widget-spacer\" data-id=\"a9e1b4d\" data-element_type=\"widget\" data-widget_type=\"spacer.default\">\n\t\t\t\t<div class=\"elementor-widget-container\">\n\t\t\t\t\t<div class=\"elementor-spacer\">\n\t\t\t<div class=\"elementor-spacer-inner\"><\/div>\n\t\t<\/div>\n\t\t\t\t<\/div>\n\t\t\t\t<\/div>\n\t\t\t\t\t<\/div>\n\t\t<\/div>\n\t\t\t\t\t<\/div>\n\t\t<\/section>\n\t\t\t\t<\/div>","protected":false},"excerpt":{"rendered":"<p>Hakk\u0131m\u0131zda You are here: Home Sayfa Catalyst International Hakk\u0131nda D\u00fcnya \u00c7ap\u0131ndaki T\u00fcm Giri\u015fim Fikirlerinizi Projelendirip Start-Up Visa Program\u0131na D\u00f6n\u00fc\u015ft\u00fcr\u00fcyoruz. Catalyst International, \u0130novatif, yarat\u0131c\u0131, ve giri\u015fimci fikirleri Kanada&#8217;n\u0131n \u00f6nde gelen \u00fcniversitelerine sunmak i\u00e7in adam\u0131\u015f bir \u015firkettir. Hedefimiz, bu fikirleri kan\u0131tlanm\u0131\u015f a\u015famalar\u0131na kadar geli\u015ftirmenize yard\u0131mc\u0131 olmak ve Kanada&#8217;da kal\u0131c\u0131 ikametgah alman\u0131za yard\u0131mc\u0131 olmakt\u0131r. Catalyst International olarak, Kanada&#8217;n\u0131n&hellip;<\/p>","protected":false},"author":1,"featured_media":0,"parent":0,"menu_order":23,"comment_status":"closed","ping_status":"closed","template":"elementor_header_footer","meta":{"footnotes":""},"class_list":["post-7613","page","type-page","status-publish","hentry"],"_links":{"self":[{"href":"https:\/\/catalystinternational.com.tr\/fr\/wp-json\/wp\/v2\/pages\/7613","targetHints":{"allow":["GET"]}}],"collection":[{"href":"https:\/\/catalystinternational.com.tr\/fr\/wp-json\/wp\/v2\/pages"}],"about":[{"href":"https:\/\/catalystinternational.com.tr\/fr\/wp-json\/wp\/v2\/types\/page"}],"author":[{"embeddable":true,"href":"https:\/\/catalystinternational.com.tr\/fr\/wp-json\/wp\/v2\/users\/1"}],"replies":[{"embeddable":true,"href":"https:\/\/catalystinternational.com.tr\/fr\/wp-json\/wp\/v2\/comments?post=7613"}],"version-history":[{"count":6,"href":"https:\/\/catalystinternational.com.tr\/fr\/wp-json\/wp\/v2\/pages\/7613\/revisions"}],"predecessor-version":[{"id":82531,"href":"https:\/\/catalystinternational.com.tr\/fr\/wp-json\/wp\/v2\/pages\/7613\/revisions\/82531"}],"wp:attachment":[{"href":"https:\/\/catalystinternational.com.tr\/fr\/wp-json\/wp\/v2\/media?parent=7613"}],"curies":[{"name":"wp","href":"https:\/\/api.w.org\/{rel}","templated":true}]}}