{"id":78323,"date":"2022-06-22T15:01:33","date_gmt":"2022-06-22T12:01:33","guid":{"rendered":"https:\/\/catalystinternational.com.tr\/?page_id=78323"},"modified":"2022-06-22T15:02:47","modified_gmt":"2022-06-22T12:02:47","slug":"aday-bilgi-formu","status":"publish","type":"page","link":"https:\/\/catalystinternational.com.tr\/fa\/aday-bilgi-formu\/","title":{"rendered":"\u0641\u0631\u0645 \u0627\u0637\u0644\u0627\u0639\u0627\u062a \u0646\u0627\u0645\u0632\u062f"},"content":{"rendered":"<div data-elementor-type=\"wp-page\" data-elementor-id=\"78323\" class=\"elementor elementor-78323\" data-elementor-post-type=\"page\">\n\t\t\t\t\t\t<section class=\"elementor-section elementor-top-section elementor-element elementor-element-19d49e3 elementor-section-boxed elementor-section-height-default elementor-section-height-default\" data-id=\"19d49e3\" data-element_type=\"section\">\n\t\t\t\t\t\t<div class=\"elementor-container elementor-column-gap-default\">\n\t\t\t\t\t<div class=\"elementor-column elementor-col-100 elementor-top-column elementor-element elementor-element-feb922d\" data-id=\"feb922d\" data-element_type=\"column\">\n\t\t\t<div class=\"elementor-widget-wrap\">\n\t\t\t\t\t\t\t<\/div>\n\t\t<\/div>\n\t\t\t\t\t<\/div>\n\t\t<\/section>\n\t\t\t\t<section class=\"elementor-section elementor-top-section elementor-element elementor-element-6948511 elementor-section-boxed elementor-section-height-default elementor-section-height-default\" data-id=\"6948511\" data-element_type=\"section\">\n\t\t\t\t\t\t<div class=\"elementor-container elementor-column-gap-default\">\n\t\t\t\t\t<div class=\"elementor-column elementor-col-100 elementor-top-column elementor-element elementor-element-2d6941e\" data-id=\"2d6941e\" data-element_type=\"column\">\n\t\t\t<div class=\"elementor-widget-wrap elementor-element-populated\">\n\t\t\t\t\t\t<div class=\"elementor-element elementor-element-5cb73c3 elementor-widget elementor-widget-text-editor\" data-id=\"5cb73c3\" data-element_type=\"widget\" data-widget_type=\"text-editor.default\">\n\t\t\t\t<div class=\"elementor-widget-container\">\n\t\t\t\t\t\t\t<p><div class=\"frm_forms  with_frm_style frm_style_formidable-style\" id=\"frm_form_2_container\" data-token=\"d274713b7d7e9f7ec9f69e09c4aadb7e\">\n<form enctype=\"multipart\/form-data\" method=\"post\" class=\"frm-show-form\" id=\"form_adaybilgiformu\"  data-token=\"d274713b7d7e9f7ec9f69e09c4aadb7e\" action=\"\">\n<div class=\"frm_form_fields\">\n<fieldset>\n<legend class=\"frm_screen_reader\">\u0641\u0631\u0645 \u0627\u0637\u0644\u0627\u0639\u0627\u062a \u0646\u0627\u0645\u0632\u062f<\/legend>\r\n\r\n<div class=\"frm_fields_container\">\n<input type=\"hidden\" name=\"frm_action\" value=\"create\" \/>\n<input type=\"hidden\" name=\"form_id\" value=\"2\" \/>\n<input type=\"hidden\" name=\"frm_hide_fields_2\" id=\"frm_hide_fields_2\" value=\"\" \/>\n<input type=\"hidden\" name=\"form_key\" value=\"adaybilgiformu\" \/>\n<input type=\"hidden\" name=\"item_meta[0]\" value=\"\" \/>\n<input type=\"hidden\" id=\"frm_submit_entry_2\" name=\"frm_submit_entry_2\" value=\"cdd1f6ddc8\" \/><input type=\"hidden\" name=\"_wp_http_referer\" value=\"\/fa\/wp-json\/wp\/v2\/pages\/78323\" \/><div id=\"frm_field_7_container\" class=\"frm_form_field form-field  frm_required_field frm_top_container Soyad frm12\">\r\n    <div  id=\"field_robaa_label\" class=\"frm_primary_label\">\u0622\u06af\u0647\u06cc              \r\n        <span class=\"frm_required\" aria-hidden=\"true\">*<\/span>\r\n    <\/div>\r\n    <fieldset aria-labelledby=\"field_robaa_label\">\n\t<legend class=\"frm_screen_reader frm_hidden\">\n\t\t\u0622\u06af\u0647\u06cc              \t<\/legend>\n\n\t<div  class=\"frm_combo_inputs_container\" id=\"frm_combo_inputs_container_7\" data-name-layout=\"first_last\">\n\t\t\t\t\t<div\n\t\t\t\tid=\"frm_field_7-first_container\"\n\t\t\t\tclass=\"frm_form_field form-field frm_form_subfield-first  frm6\"\n\t\t\t\tdata-sub-field-name=\"first\"\n\t\t\t>\n\t\t\t\t<label for=\"field_robaa_first\" class=\"frm_screen_reader frm_hidden\">\n\t\t\t\t\t\u0646\u0627\u0645\t\t\t\t<\/label>\n\n\t\t\t\t\t\t\t\t\t\t<input\n\t\t\t\t\t\t\ttype=\"text\"\n\t\t\t\t\t\t\tid=\"field_robaa_first\"\n\t\t\t\t\t\t\tvalue=\"\"\n\t\t\t\t\t\t\tname=\"item_meta[7][first]\"  data-reqmsg=\"Ad               cannot be blank.\" aria-required=\"true\" data-invmsg=\"Ad               is invalid\" aria-invalid=\"false\"  \t\t\t\t\t\t\/>\n\t\t\t\t\t\t<div class=\"frm_description\" id=\"frm_field_7_first_desc\">\u0646\u0627\u0645<\/div>\t\t\t<\/div>\n\t\t\t\t\t\t<div\n\t\t\t\tid=\"frm_field_7-last_container\"\n\t\t\t\tclass=\"frm_form_field form-field frm_form_subfield-last  frm6\"\n\t\t\t\tdata-sub-field-name=\"last\"\n\t\t\t>\n\t\t\t\t<label for=\"field_robaa_last\" class=\"frm_screen_reader frm_hidden\">\n\t\t\t\t\t\u0646\u0627\u0645 \u062e\u0627\u0646\u0648\u0627\u062f\u06af\u06cc\t\t\t\t<\/label>\n\n\t\t\t\t\t\t\t\t\t\t<input\n\t\t\t\t\t\t\ttype=\"text\"\n\t\t\t\t\t\t\tid=\"field_robaa_last\"\n\t\t\t\t\t\t\tvalue=\"\"\n\t\t\t\t\t\t\tname=\"item_meta[7][last]\"  data-reqmsg=\"Ad               cannot be blank.\" aria-required=\"true\" data-invmsg=\"Ad               is invalid\" aria-invalid=\"false\"  \t\t\t\t\t\t\/>\n\t\t\t\t\t\t<div class=\"frm_description\" id=\"frm_field_7_last_desc\">\u0646\u0627\u0645 \u062e\u0627\u0646\u0648\u0627\u062f\u06af\u06cc<\/div>\t\t\t<\/div>\n\t\t\t\t<\/div>\n<\/fieldset>\n\r\n    \r\n    \r\n<\/div>\n<div id=\"frm_field_8_container\" class=\"frm_form_field form-field  frm_required_field frm_top_container frm6 frm_first\">\r\n    <label for=\"field_1xpqd\" id=\"field_1xpqd_label\" class=\"frm_primary_label\">\u067e\u0633\u062a \u0627\u0644\u06a9\u062a\u0631\u0648\u0646\u06cc\u06a9\r\n        <span class=\"frm_required\" aria-hidden=\"true\">*<\/span>\r\n    <\/label>\r\n    <input type=\"email\" id=\"field_1xpqd\" name=\"item_meta[8]\" value=\"\"  data-reqmsg=\"E-Mail cannot be blank.\" aria-required=\"true\" data-invmsg=\"Email is invalid\" aria-invalid=\"false\"  \/>\r\n    \r\n    \r\n<\/div>\n<div id=\"frm_field_24_container\" class=\"frm_form_field form-field  frm_required_field frm_top_container frm6\">\r\n    <label for=\"field_f8dqe\" id=\"field_f8dqe_label\" class=\"frm_primary_label\">\u062a\u0644\u0641\u0646\r\n        <span class=\"frm_required\" aria-hidden=\"true\">*<\/span>\r\n    <\/label>\r\n    <input type=\"text\" id=\"field_f8dqe\" name=\"item_meta[24]\" value=\"\"  data-reqmsg=\"Telefon cannot be blank.\" aria-required=\"true\" data-invmsg=\"Text is invalid\" aria-invalid=\"false\"  \/>\r\n    \r\n    \r\n<\/div>\n<div id=\"frm_field_53_container\" class=\"frm_form_field form-field  frm_top_container frm6 frm_first\">\n    <label for=\"field_t5qss\" id=\"field_t5qss_label\" class=\"frm_primary_label\">Do\u011fum Tarihiniz (G\u00fcn\/Ay\/Y\u0131l)\n        <span class=\"frm_required\" aria-hidden=\"true\"><\/span>\n    <\/label>\n    <input type=\"text\" id=\"field_t5qss\" name=\"item_meta[53]\" value=\"\"  data-invmsg=\"Text is invalid\" aria-invalid=\"false\"  \/>\n    \n    \n<\/div>\n<div id=\"frm_field_15_container\" class=\"frm_form_field form-field  frm_required_field frm_top_container frm6 vertical_radio\">\r\n    <div  id=\"field_u1oqa_label\" class=\"frm_primary_label\">\u0648\u0636\u0639\u06cc\u062a \u062a\u0627\u0647\u0644 \u0634\u0645\u0627\r\n        <span class=\"frm_required\" aria-hidden=\"true\">*<\/span>\r\n    <\/div>\r\n    <div class=\"frm_opt_container\" aria-labelledby=\"field_u1oqa_label\" role=\"radiogroup\" aria-required=\"true\">\t\t<div class=\"frm_radio\" id=\"frm_radio_15-0\"><label for=\"field_u1oqa-0\">\t\t<input type=\"radio\" name=\"item_meta[15]\" id=\"field_u1oqa-0\" value=\"Evli\"\n\t\t   data-reqmsg=\"Medeni Durumunuz cannot be blank.\" data-invmsg=\"Medeni Durumunuz is invalid\" aria-invalid=\"false\"  \/> \u0645\u062a\u0627\u0647\u0644<\/label><\/div>\n\t\t<div class=\"frm_radio\" id=\"frm_radio_15-1\"><label for=\"field_u1oqa-1\">\t\t<input type=\"radio\" name=\"item_meta[15]\" id=\"field_u1oqa-1\" value=\"Bekar\"\n\t\t   data-reqmsg=\"Medeni Durumunuz cannot be blank.\" data-invmsg=\"Medeni Durumunuz is invalid\" aria-invalid=\"false\"  \/> \u062a\u0646\u0647\u0627<\/label><\/div>\n<\/div>\r\n    \r\n    \r\n<\/div>\n<div id=\"frm_field_18_container\" class=\"frm_form_field form-field  frm_required_field frm_top_container frm6 frm_first vertical_radio\">\r\n    <div  id=\"field_38t6p_label\" class=\"frm_primary_label\">\u062a\u0639\u062f\u0627\u062f \u0641\u0631\u0632\u0646\u062f\u0627\u0646\r\n        <span class=\"frm_required\" aria-hidden=\"true\">*<\/span>\r\n    <\/div>\r\n    <div class=\"frm_opt_container\" aria-labelledby=\"field_38t6p_label\" role=\"radiogroup\" aria-required=\"true\">\t\t<div class=\"frm_radio\" id=\"frm_radio_18-0\"><label for=\"field_38t6p-0\">\t\t<input type=\"radio\" name=\"item_meta[18]\" id=\"field_38t6p-0\" value=\"Yok\"\n\t\t   data-reqmsg=\"\u00c7ocuk Say\u0131n\u0131z cannot be blank.\" data-invmsg=\"\u00c7ocuk Say\u0131n\u0131z is invalid\" aria-invalid=\"false\"  \/> \u0646\u0647<\/label><\/div>\n\t\t<div class=\"frm_radio\" id=\"frm_radio_18-1\"><label for=\"field_38t6p-1\">\t\t<input type=\"radio\" name=\"item_meta[18]\" id=\"field_38t6p-1\" value=\"1\"\n\t\t   data-reqmsg=\"\u00c7ocuk Say\u0131n\u0131z cannot be blank.\" data-invmsg=\"\u00c7ocuk Say\u0131n\u0131z is invalid\" aria-invalid=\"false\"  \/> 1<\/label><\/div>\n\t\t<div class=\"frm_radio\" id=\"frm_radio_18-2\"><label for=\"field_38t6p-2\">\t\t<input type=\"radio\" name=\"item_meta[18]\" id=\"field_38t6p-2\" value=\"2\"\n\t\t   data-reqmsg=\"\u00c7ocuk Say\u0131n\u0131z cannot be blank.\" data-invmsg=\"\u00c7ocuk Say\u0131n\u0131z is invalid\" aria-invalid=\"false\"  \/> 2<\/label><\/div>\n\t\t<div class=\"frm_radio\" id=\"frm_radio_18-3\"><label for=\"field_38t6p-3\">\t\t<input type=\"radio\" name=\"item_meta[18]\" id=\"field_38t6p-3\" value=\"3\"\n\t\t   data-reqmsg=\"\u00c7ocuk Say\u0131n\u0131z cannot be blank.\" data-invmsg=\"\u00c7ocuk Say\u0131n\u0131z is invalid\" aria-invalid=\"false\"  \/> 3<\/label><\/div>\n\t\t<div class=\"frm_radio\" id=\"frm_radio_18-4\"><label for=\"field_38t6p-4\">\t\t<input type=\"radio\" name=\"item_meta[18]\" id=\"field_38t6p-4\" value=\"Daha Fazla\"\n\t\t   data-reqmsg=\"\u00c7ocuk Say\u0131n\u0131z cannot be blank.\" data-invmsg=\"\u00c7ocuk Say\u0131n\u0131z is invalid\" aria-invalid=\"false\"  \/> \u0628\u06cc\u0634\u062a\u0631<\/label><\/div>\n<\/div>\r\n    \r\n    \r\n<\/div>\n<div id=\"frm_field_19_container\" class=\"frm_form_field form-field  frm_required_field frm_top_container frm6\">\r\n    <label for=\"field_wjhz9\" id=\"field_wjhz9_label\" class=\"frm_primary_label\">\u06a9\u0634\u0648\u0631 \u0645\u062d\u0644 \u0627\u0642\u0627\u0645\u062a\r\n        <span class=\"frm_required\" aria-hidden=\"true\">*<\/span>\r\n    <\/label>\r\n    <input type=\"text\" id=\"field_wjhz9\" name=\"item_meta[19]\" value=\"\"  data-reqmsg=\"Ya\u015fad\u0131\u011f\u0131n\u0131z \u00dclke cannot be blank.\" aria-required=\"true\" data-invmsg=\"Text is invalid\" aria-invalid=\"false\"  \/>\r\n    \r\n    \r\n<\/div>\n<div id=\"frm_field_11_container\" class=\"frm_form_field form-field  frm_required_field frm_top_container frm12 frm_first vertical_radio\">\r\n    <div  id=\"field_wx719_label\" class=\"frm_primary_label\">\u0633\u0637\u062d \u062a\u062d\u0635\u06cc\u0644\u0627\u062a \u0634\u0645\u0627\r\n        <span class=\"frm_required\" aria-hidden=\"true\">*<\/span>\r\n    <\/div>\r\n    <div class=\"frm_opt_container\" aria-labelledby=\"field_wx719_label\" role=\"radiogroup\" aria-required=\"true\">\t\t<div class=\"frm_radio\" id=\"frm_radio_11-0\"><label for=\"field_wx719-0\">\t\t<input type=\"radio\" name=\"item_meta[11]\" id=\"field_wx719-0\" value=\"Diplomas\u0131z\"\n\t\t   data-reqmsg=\"E\u011fitim Seviyeniz cannot be blank.\" data-invmsg=\"E\u011fitim Seviyeniz is invalid\" aria-invalid=\"false\"  \/> \u0628\u062f\u0648\u0646 \u062f\u06cc\u067e\u0644\u0645<\/label><\/div>\n\t\t<div class=\"frm_radio\" id=\"frm_radio_11-1\"><label for=\"field_wx719-1\">\t\t<input type=\"radio\" name=\"item_meta[11]\" id=\"field_wx719-1\" value=\"\u0130lkokul\"\n\t\t   data-reqmsg=\"E\u011fitim Seviyeniz cannot be blank.\" data-invmsg=\"E\u011fitim Seviyeniz is invalid\" aria-invalid=\"false\"  \/> \u062f\u0628\u0633\u062a\u0627\u0646<\/label><\/div>\n\t\t<div class=\"frm_radio\" id=\"frm_radio_11-2\"><label for=\"field_wx719-2\">\t\t<input type=\"radio\" name=\"item_meta[11]\" id=\"field_wx719-2\" value=\"Lise\"\n\t\t   data-reqmsg=\"E\u011fitim Seviyeniz cannot be blank.\" data-invmsg=\"E\u011fitim Seviyeniz is invalid\" aria-invalid=\"false\"  \/> \u062f\u0628\u06cc\u0631\u0633\u062a\u0627\u0646<\/label><\/div>\n\t\t<div class=\"frm_radio\" id=\"frm_radio_11-3\"><label for=\"field_wx719-3\">\t\t<input type=\"radio\" name=\"item_meta[11]\" id=\"field_wx719-3\" value=\"\u00dcniversite\"\n\t\t   data-reqmsg=\"E\u011fitim Seviyeniz cannot be blank.\" data-invmsg=\"E\u011fitim Seviyeniz is invalid\" aria-invalid=\"false\"  \/> \u062f\u0627\u0646\u0634\u06af\u0627\u0647<\/label><\/div>\n\t\t<div class=\"frm_radio\" id=\"frm_radio_11-4\"><label for=\"field_wx719-4\">\t\t<input type=\"radio\" name=\"item_meta[11]\" id=\"field_wx719-4\" value=\"Y\u00fcksek Lisans\"\n\t\t   data-reqmsg=\"E\u011fitim Seviyeniz cannot be blank.\" data-invmsg=\"E\u011fitim Seviyeniz is invalid\" aria-invalid=\"false\"  \/> \u062f\u0631\u062c\u0647<\/label><\/div>\n\t\t<div class=\"frm_radio\" id=\"frm_radio_11-5\"><label for=\"field_wx719-5\">\t\t<input type=\"radio\" name=\"item_meta[11]\" id=\"field_wx719-5\" value=\"Doktora\"\n\t\t   data-reqmsg=\"E\u011fitim Seviyeniz cannot be blank.\" data-invmsg=\"E\u011fitim Seviyeniz is invalid\" aria-invalid=\"false\"  \/> \u062f\u06a9\u062a\u0631\u06cc<\/label><\/div>\n<\/div>\r\n    \r\n    \r\n<\/div>\n<div id=\"frm_field_22_container\" class=\"frm_form_field form-field  frm_top_container frm6 frm_first\">\r\n    <label for=\"field_gof8g\" id=\"field_gof8g_label\" class=\"frm_primary_label\">\u062d\u0648\u0632\u0647 \u062a\u062e\u0635\u0635\u06cc \u0634\u0645\u0627\r\n        <span class=\"frm_required\" aria-hidden=\"true\"><\/span>\r\n    <\/label>\r\n    <input type=\"text\" id=\"field_gof8g\" name=\"item_meta[22]\" value=\"\"  data-invmsg=\"Text is invalid\" aria-invalid=\"false\"  \/>\r\n    \r\n    \r\n<\/div>\n<div id=\"frm_field_21_container\" class=\"frm_form_field form-field  frm_top_container frm6\">\r\n    <label for=\"field_opa5b\" id=\"field_opa5b_label\" class=\"frm_primary_label\">\u0645\u062f\u062a \u0632\u0645\u0627\u0646 \u062a\u062e\u0635\u0635 (\u0633\u0627\u0644\u0647\u0627)\r\n        <span class=\"frm_required\" aria-hidden=\"true\"><\/span>\r\n    <\/label>\r\n    <input type=\"text\" id=\"field_opa5b\" name=\"item_meta[21]\" value=\"\"  data-invmsg=\"Text is invalid\" aria-invalid=\"false\"  \/>\r\n    \r\n    \r\n<\/div>\n<div id=\"frm_field_23_container\" class=\"frm_form_field form-field  frm_required_field frm_top_container frm6 frm_first vertical_radio\">\r\n    <div  id=\"field_kri67_label\" class=\"frm_primary_label\">\u0627\u06cc\u062f\u0647 \u067e\u0631\u0648\u0698\u0647 \u0634\u0645\u0627 \r\n        <span class=\"frm_required\" aria-hidden=\"true\">*<\/span>\r\n    <\/div>\r\n    <div class=\"frm_opt_container\" aria-labelledby=\"field_kri67_label\" role=\"radiogroup\" aria-required=\"true\">\t\t<div class=\"frm_radio\" id=\"frm_radio_23-0\"><label for=\"field_kri67-0\">\t\t<input type=\"radio\" name=\"item_meta[23]\" id=\"field_kri67-0\" value=\"Yok\"\n\t\t   data-reqmsg=\"Proje Fikriniz  cannot be blank.\" data-invmsg=\"Proje Fikriniz  is invalid\" aria-invalid=\"false\"  \/> \u0646\u0647<\/label><\/div>\n\t\t<div class=\"frm_radio\" id=\"frm_radio_23-1\"><label for=\"field_kri67-1\">\t\t<input type=\"radio\" name=\"item_meta[23]\" id=\"field_kri67-1\" value=\"Var\"\n\t\t   data-reqmsg=\"Proje Fikriniz  cannot be blank.\" data-invmsg=\"Proje Fikriniz  is invalid\" aria-invalid=\"false\"  \/> \u0648\u062c\u0648\u062f \u062f\u0627\u0631\u062f<\/label><\/div>\n<\/div>\r\n    \r\n    \r\n<\/div>\n<div id=\"frm_field_50_container\" class=\"frm_form_field form-field  frm_top_container\">\r\n    <label for=\"field_cqhj\" id=\"field_cqhj_label\" class=\"frm_primary_label\">\u0645\u062a\u0646\r\n        <span class=\"frm_required\" aria-hidden=\"true\"><\/span>\r\n    <\/label>\r\n    <input type=\"text\" id=\"field_cqhj\" name=\"item_meta[50]\" value=\"\"  data-invmsg=\"Text is invalid\" aria-invalid=\"false\"  \/>\r\n    \r\n    \r\n<\/div>\n<div id=\"frm_field_12_container\" class=\"frm_form_field form-field  frm_required_field frm_top_container frm6 vertical_radio\">\r\n    <div  id=\"field_5cpst_label\" class=\"frm_primary_label\">\u0633\u0637\u062d \u0627\u0646\u06af\u0644\u06cc\u0633\u06cc \u0634\u0645\u0627\r\n        <span class=\"frm_required\" aria-hidden=\"true\">*<\/span>\r\n    <\/div>\r\n    <div class=\"frm_opt_container\" aria-labelledby=\"field_5cpst_label\" role=\"radiogroup\" aria-required=\"true\">\t\t<div class=\"frm_radio\" id=\"frm_radio_12-0\"><label for=\"field_5cpst-0\">\t\t<input type=\"radio\" name=\"item_meta[12]\" id=\"field_5cpst-0\" value=\"Yok\"\n\t\t   data-reqmsg=\"\u0130ngilizce Seviyeniz cannot be blank.\" data-invmsg=\"\u0130ngilizce Seviyeniz is invalid\" aria-invalid=\"false\"  \/> \u0646\u0647<\/label><\/div>\n\t\t<div class=\"frm_radio\" id=\"frm_radio_12-1\"><label for=\"field_5cpst-1\">\t\t<input type=\"radio\" name=\"item_meta[12]\" id=\"field_5cpst-1\" value=\"Ba\u015flang\u0131\u00e7\"\n\t\t   data-reqmsg=\"\u0130ngilizce Seviyeniz cannot be blank.\" data-invmsg=\"\u0130ngilizce Seviyeniz is invalid\" aria-invalid=\"false\"  \/> \u0634\u0631\u0648\u0639<\/label><\/div>\n\t\t<div class=\"frm_radio\" id=\"frm_radio_12-2\"><label for=\"field_5cpst-2\">\t\t<input type=\"radio\" name=\"item_meta[12]\" id=\"field_5cpst-2\" value=\"Orta\"\n\t\t   data-reqmsg=\"\u0130ngilizce Seviyeniz cannot be blank.\" data-invmsg=\"\u0130ngilizce Seviyeniz is invalid\" aria-invalid=\"false\"  \/> \u0648\u0633\u0637<\/label><\/div>\n\t\t<div class=\"frm_radio\" id=\"frm_radio_12-3\"><label for=\"field_5cpst-3\">\t\t<input type=\"radio\" name=\"item_meta[12]\" id=\"field_5cpst-3\" value=\"\u0130leri\"\n\t\t   data-reqmsg=\"\u0130ngilizce Seviyeniz cannot be blank.\" data-invmsg=\"\u0130ngilizce Seviyeniz is invalid\" aria-invalid=\"false\"  \/> \u0631\u0648 \u0628\u0647 \u062c\u0644\u0648<\/label><\/div>\n<\/div>\r\n    \r\n    \r\n<\/div>\n\t<input type=\"hidden\" name=\"item_key\" value=\"\" \/>\n\t\t\t\t<div class=\"frm__663cbf3dace01\">\n\t\t\t\t<label for=\"frm_email_2\" >\n\t\t\t\t\tIf you are human, leave this field blank.\t\t\t\t<\/label>\n\t\t\t\t<input  id=\"frm_email_2\" type=\"text\" class=\"frm_verify\" name=\"frm__663cbf3dace01\" value=\"\" autocomplete=\"false\"  \/>\n\t\t\t<\/div>\n\t\t<div class=\"frm_submit\">\r\n\r\n<button class=\"frm_button_submit\" type=\"submit\"  >G\u00f6nder<\/button>\r\n\r\n<\/div><\/div>\n<\/fieldset>\n<\/div>\n<input type=\"hidden\" name=\"trp-form-language\" value=\"fa\"\/><\/form>\n<\/div>\n<\/p>\t\t\t\t\t\t<\/div>\n\t\t\t\t<\/div>\n\t\t\t\t\t<\/div>\n\t\t<\/div>\n\t\t\t\t\t<\/div>\n\t\t<\/section>\n\t\t\t\t<\/div>","protected":false},"excerpt":{"rendered":"<p>Aday Bilgi Formu Ad * Ad \u0130sim \u0130sim Soyisim Soyisim E-Mail * Telefon * Do\u011fum Tarihiniz (G\u00fcn\/Ay\/Y\u0131l) Medeni Durumunuz * Evli Bekar \u00c7ocuk Say\u0131n\u0131z * Yok 1 2 3 Daha Fazla Ya\u015fad\u0131\u011f\u0131n\u0131z \u00dclke * E\u011fitim Seviyeniz * Diplomas\u0131z \u0130lkokul Lise \u00dcniversite Y\u00fcksek Lisans Doktora Uzmanl\u0131k Alan\u0131n\u0131z Uzmanl\u0131k S\u00fcreniz (Y\u0131l) Proje Fikriniz * Yok Var Text&hellip;<\/p>","protected":false},"author":1,"featured_media":0,"parent":0,"menu_order":0,"comment_status":"closed","ping_status":"closed","template":"","meta":{"footnotes":""},"class_list":["post-78323","page","type-page","status-publish","hentry"],"_links":{"self":[{"href":"https:\/\/catalystinternational.com.tr\/fa\/wp-json\/wp\/v2\/pages\/78323","targetHints":{"allow":["GET"]}}],"collection":[{"href":"https:\/\/catalystinternational.com.tr\/fa\/wp-json\/wp\/v2\/pages"}],"about":[{"href":"https:\/\/catalystinternational.com.tr\/fa\/wp-json\/wp\/v2\/types\/page"}],"author":[{"embeddable":true,"href":"https:\/\/catalystinternational.com.tr\/fa\/wp-json\/wp\/v2\/users\/1"}],"replies":[{"embeddable":true,"href":"https:\/\/catalystinternational.com.tr\/fa\/wp-json\/wp\/v2\/comments?post=78323"}],"version-history":[{"count":0,"href":"https:\/\/catalystinternational.com.tr\/fa\/wp-json\/wp\/v2\/pages\/78323\/revisions"}],"wp:attachment":[{"href":"https:\/\/catalystinternational.com.tr\/fa\/wp-json\/wp\/v2\/media?parent=78323"}],"curies":[{"name":"wp","href":"https:\/\/api.w.org\/{rel}","templated":true}]}}