{"id":29656,"date":"2020-12-17T18:17:47","date_gmt":"2020-12-17T15:17:47","guid":{"rendered":"https:\/\/the7.io\/elementor-main\/?page_id=29656"},"modified":"2023-06-13T18:46:08","modified_gmt":"2023-06-13T15:46:08","slug":"vizyon-ve-misyon","status":"publish","type":"page","link":"https:\/\/catalystinternational.com.tr\/fa\/vizyon-ve-misyon\/","title":{"rendered":"\u0686\u0634\u0645 \u0627\u0646\u062f\u0627\u0632 \u0648 \u0645\u0627\u0645\u0648\u0631\u06cc\u062a"},"content":{"rendered":"<div data-elementor-type=\"wp-page\" data-elementor-id=\"29656\" class=\"elementor elementor-29656\" data-elementor-post-type=\"page\">\n\t\t\t\t\t\t<section class=\"elementor-section elementor-top-section elementor-element elementor-element-9a40cef elementor-reverse-mobile elementor-section-boxed elementor-section-height-default elementor-section-height-default\" data-id=\"9a40cef\" data-element_type=\"section\">\n\t\t\t\t\t\t<div class=\"elementor-container elementor-column-gap-wider\">\n\t\t\t\t\t<div class=\"elementor-column elementor-col-50 elementor-top-column elementor-element elementor-element-4205337\" data-id=\"4205337\" data-element_type=\"column\">\n\t\t\t<div class=\"elementor-widget-wrap elementor-element-populated\">\n\t\t\t\t\t\t<div class=\"elementor-element elementor-element-b44398e page-content elementor-widget elementor-widget-text-editor\" data-id=\"b44398e\" data-element_type=\"widget\" data-widget_type=\"text-editor.default\">\n\t\t\t\t<div class=\"elementor-widget-container\">\n\t\t\t\t\t\t\t<h2>Misyonumuz<\/h2><p>Yarat\u0131c\u0131 fikirlerin do\u011fru y\u00f6ntemlerle sadece bir fikir olmaktan \u00e7\u0131k\u0131p d\u00fcnyay\u0131 de\u011fi\u015ftirmeye aday projeler olmas\u0131n\u0131 sa\u011flamaya \u00e7al\u0131\u015fmak bizim ve uzman ekibimizin as\u0131l misyonunu olu\u015fturmaktad\u0131r.<\/p><p>\u0647\u0645\u0627\u0646\u0637\u0648\u0631 \u06a9\u0647 \u062f\u0631 \u062a\u0627\u0631\u06cc\u062e \u0628\u0634\u0631\u06cc\u062a \u0647\u0632\u0627\u0631\u0627\u0646 \u0627\u062e\u062a\u0631\u0627\u0639 \u0648\u062c\u0648\u062f \u062f\u0627\u0634\u062a\u0647 \u0627\u0633\u062a \u06a9\u0647 \u062c\u0647\u0627\u0646 \u0631\u0627 \u062a\u063a\u06cc\u06cc\u0631 \u062f\u0627\u062f\u0647 \u0627\u0633\u062a\u060c \u0634\u0627\u06cc\u062f \u0645\u06cc\u0644\u06cc\u0648\u0646 \u0647\u0627 \u0646\u0641\u0631 \u0627\u0632 \u0622\u0646\u0647\u0627 \u062f\u0631 \u0645\u0631\u062d\u0644\u0647 \u0627\u06cc\u062f\u0647 \u0628\u0627\u0642\u06cc \u0645\u0627\u0646\u062f\u0647 \u0627\u0646\u062f \u0648 \u0634\u0627\u06cc\u062f \u0627\u062e\u062a\u0631\u0627\u0639\u0627\u062a\u06cc \u06a9\u0647 \u0645\u06cc \u062a\u0648\u0627\u0646\u062f \u0645\u0639\u062c\u0632\u0647 \u0627\u06cc \u0628\u0631\u0627\u06cc \u0645\u0631\u062f\u0645 \u0627\u0645\u0631\u0648\u0632 \u0627\u06cc\u062c\u0627\u062f \u06a9\u0646\u062f \u0645\u062a\u0627\u0633\u0641\u0627\u0646\u0647 \u0646\u0627\u067e\u062f\u06cc\u062f \u0634\u062f\u0647 \u0627\u0633\u062a. \u06a9\u0627\u062a\u0627\u0644\u06cc\u0633\u062a \u0627\u06cc\u0646\u062a\u0631\u0646\u0634\u0646\u0627\u0644 \u0648 \u06a9\u0627\u0631\u06a9\u0646\u0627\u0646 \u0645\u062a\u062e\u0635\u0635 \u0622\u0646 \u06a9\u0647 \u0627\u06cc\u0646 \u0627\u06cc\u062f\u0647 \u0631\u0627 \u0628\u0647 \u0639\u0646\u0648\u0627\u0646 \u06cc\u06a9 \u0634\u0631\u0648\u0639 \u0645\u06cc \u067e\u0630\u06cc\u0631\u0646\u062f\u060c \u0628\u0627 \u0645\u0627\u0645\u0648\u0631\u06cc\u062a \u0628\u0647 \u062d\u062f\u0627\u0642\u0644 \u0631\u0633\u0627\u0646\u062f\u0646 \u0646\u0627\u067e\u062f\u06cc\u062f \u0634\u062f\u0646 \u0627\u06cc\u062f\u0647 \u0647\u0627 \u062a\u0627\u0633\u06cc\u0633 \u0634\u062f\u0647 \u0627\u0646\u062f \u0648 \u062f\u0631 \u0631\u0627\u0633\u062a\u0627\u06cc \u0627\u06cc\u0646 \u0645\u0627\u0645\u0648\u0631\u06cc\u062a \u0648\u0638\u06cc\u0641\u0647 \u062e\u0648\u062f \u0645\u06cc \u062f\u0627\u0646\u0646\u062f \u06a9\u0647 \u0647\u0631 \u0627\u06cc\u062f\u0647 \u0627\u06cc \u0631\u0627 \u06a9\u0647 \u062f\u0631 \u0632\u0646\u062f\u06af\u06cc \u0645\u0627 \u0645\u062b\u0628\u062a \u062e\u0648\u0627\u0647\u062f \u0628\u0648\u062f \u062a\u0648\u0633\u0639\u0647 \u062f\u0647\u0646\u062f. .<\/p><h2>Vizyonumuz<\/h2><div><span style=\"color: var(--the7-base-color); letter-spacing: var(--the7-base-letter-spacing); text-transform: var(--the7-base-text-transform); word-spacing: normal;\">\u0686\u0634\u0645 \u0627\u0646\u062f\u0627\u0632 \u0647\u062f\u0641 \u06a9\u0627\u062a\u0627\u0644\u06cc\u0633\u062a \u0627\u06cc\u0646\u062a\u0631\u0646\u0634\u0646\u0627\u0644 \u0627\u06cc\u0646 \u0627\u0633\u062a \u06a9\u0647 \u0627\u0637\u0645\u06cc\u0646\u0627\u0646 \u062d\u0627\u0635\u0644 \u06a9\u0646\u062f \u06a9\u0647 \u0627\u06cc\u062f\u0647 \u0647\u0627\u06cc \u062f\u0631\u0633\u062a \u0627\u0628\u062a\u062f\u0627 \u0628\u0627 \u0645\u062a\u062e\u0635\u0635\u0627\u0646 \u0645\u0646\u0627\u0633\u0628 \u0648 \u0633\u067e\u0633 \u0628\u0627 \u0633\u0631\u0645\u0627\u06cc\u0647 \u06af\u0630\u0627\u0631\u06cc \u0645\u0646\u0627\u0633\u0628 \u0627\u062c\u0631\u0627 \u0645\u06cc \u0634\u0648\u0646\u062f \u0648 \u0628\u0631\u0627\u06cc \u0628\u0634\u0631\u06cc\u062a \u0645\u0641\u06cc\u062f \u0647\u0633\u062a\u0646\u062f.<br \/><\/span><br \/>K\u00fc\u00e7\u00fck bir k\u0131v\u0131lc\u0131m nas\u0131l kocaman bir yang\u0131na d\u00f6n\u00fcyorsa fikirlerde ayn\u0131 \u015fekilde k\u00fc\u00e7\u00fcc\u00fck bir tohum iken kocaman bir a\u011fa\u00e7 olabilir. Her ge\u00e7en g\u00fcn globalle\u015fen d\u00fcnyam\u0131zda bilgiye ula\u015fmak ne kadar kolay olsa da inovatif fikirler \u00fcretmek bir o kadar zorla\u015fm\u0131\u015ft\u0131r. Catalyst International bu zorluklar\u0131n a\u015f\u0131lmas\u0131n\u0131 ve ba\u015far\u0131ya gidebilecek her fikrin sonuca ula\u015fmas\u0131 vizyonunu benimsemi\u015f ve ilke edeinmi\u015ftir.<\/div>\t\t\t\t\t\t<\/div>\n\t\t\t\t<\/div>\n\t\t\t\t\t<\/div>\n\t\t<\/div>\n\t\t\t\t<div class=\"elementor-column elementor-col-50 elementor-top-column elementor-element elementor-element-7db51b5\" data-id=\"7db51b5\" data-element_type=\"column\">\n\t\t\t<div class=\"elementor-widget-wrap elementor-element-populated\">\n\t\t\t\t\t\t<div class=\"elementor-element elementor-element-9147708 elementor-widget elementor-widget-image\" data-id=\"9147708\" data-element_type=\"widget\" data-widget_type=\"image.default\">\n\t\t\t\t<div class=\"elementor-widget-container\">\n\t\t\t\t\t\t\t\t\t\t\t\t\t<img fetchpriority=\"high\" decoding=\"async\" width=\"1920\" height=\"2500\" src=\"https:\/\/catalystinternational.com.tr\/wp-content\/uploads\/2023\/06\/vizyon-misyon-2.jpg\" class=\"attachment-full size-full wp-image-82346\" alt=\"\" srcset=\"https:\/\/catalystinternational.com.tr\/wp-content\/uploads\/2023\/06\/vizyon-misyon-2.jpg 1920w, https:\/\/catalystinternational.com.tr\/wp-content\/uploads\/2023\/06\/vizyon-misyon-2-230x300.jpg 230w, https:\/\/catalystinternational.com.tr\/wp-content\/uploads\/2023\/06\/vizyon-misyon-2-786x1024.jpg 786w, https:\/\/catalystinternational.com.tr\/wp-content\/uploads\/2023\/06\/vizyon-misyon-2-768x1000.jpg 768w, https:\/\/catalystinternational.com.tr\/wp-content\/uploads\/2023\/06\/vizyon-misyon-2-1180x1536.jpg 1180w, https:\/\/catalystinternational.com.tr\/wp-content\/uploads\/2023\/06\/vizyon-misyon-2-1573x2048.jpg 1573w, https:\/\/catalystinternational.com.tr\/wp-content\/uploads\/2023\/06\/vizyon-misyon-2-9x12.jpg 9w\" sizes=\"(max-width: 1920px) 100vw, 1920px\" \/>\t\t\t\t\t\t\t\t\t\t\t\t\t<\/div>\n\t\t\t\t<\/div>\n\t\t\t\t\t<\/div>\n\t\t<\/div>\n\t\t\t\t\t<\/div>\n\t\t<\/section>\n\t\t\t\t<\/div>","protected":false},"excerpt":{"rendered":"<p>Misyonumuz Yarat\u0131c\u0131 fikirlerin do\u011fru y\u00f6ntemlerle sadece bir fikir olmaktan \u00e7\u0131k\u0131p d\u00fcnyay\u0131 de\u011fi\u015ftirmeye aday projeler olmas\u0131n\u0131 sa\u011flamaya \u00e7al\u0131\u015fmak bizim ve uzman ekibimizin as\u0131l misyonunu olu\u015fturmaktad\u0131r. \u0130nsanl\u0131k tarihinde d\u00fcnyay\u0131 de\u011fi\u015ftiren binlerce bulu\u015f oldu\u011fu gibi belki milyonlarcas\u0131 sadece fikir a\u015famas\u0131nda kalm\u0131\u015f ve belki de bug\u00fcn insanlar i\u00e7in mucizeler yaratabilecek bulu\u015flar ne yaz\u0131k ki yok olup gitmi\u015flerdir. Bu d\u00fc\u015f\u00fcnceyi&hellip;<\/p>","protected":false},"author":1,"featured_media":0,"parent":0,"menu_order":997,"comment_status":"closed","ping_status":"closed","template":"","meta":{"footnotes":""},"class_list":["post-29656","page","type-page","status-publish","hentry"],"_links":{"self":[{"href":"https:\/\/catalystinternational.com.tr\/fa\/wp-json\/wp\/v2\/pages\/29656","targetHints":{"allow":["GET"]}}],"collection":[{"href":"https:\/\/catalystinternational.com.tr\/fa\/wp-json\/wp\/v2\/pages"}],"about":[{"href":"https:\/\/catalystinternational.com.tr\/fa\/wp-json\/wp\/v2\/types\/page"}],"author":[{"embeddable":true,"href":"https:\/\/catalystinternational.com.tr\/fa\/wp-json\/wp\/v2\/users\/1"}],"replies":[{"embeddable":true,"href":"https:\/\/catalystinternational.com.tr\/fa\/wp-json\/wp\/v2\/comments?post=29656"}],"version-history":[{"count":0,"href":"https:\/\/catalystinternational.com.tr\/fa\/wp-json\/wp\/v2\/pages\/29656\/revisions"}],"wp:attachment":[{"href":"https:\/\/catalystinternational.com.tr\/fa\/wp-json\/wp\/v2\/media?parent=29656"}],"curies":[{"name":"wp","href":"https:\/\/api.w.org\/{rel}","templated":true}]}}