{"id":7981,"date":"2020-11-09T08:49:57","date_gmt":"2020-11-09T05:49:57","guid":{"rendered":"https:\/\/the7.io\/elementor-main\/?page_id=7981"},"modified":"2023-06-21T15:34:22","modified_gmt":"2023-06-21T12:34:22","slug":"ekibimiz","status":"publish","type":"page","link":"https:\/\/catalystinternational.com.tr\/en\/our-team-2\/","title":{"rendered":"Our Team"},"content":{"rendered":"<div data-elementor-type=\"wp-page\" data-elementor-id=\"7981\" class=\"elementor elementor-7981\" data-elementor-post-type=\"page\">\n\t\t\t\t\t\t<section class=\"elementor-section elementor-top-section elementor-element elementor-element-c164e46 elementor-section-height-min-height elementor-section-boxed elementor-section-height-default elementor-section-items-middle\" data-id=\"c164e46\" data-element_type=\"section\" data-settings=\"{&quot;background_background&quot;:&quot;classic&quot;}\">\n\t\t\t\t\t\t<div class=\"elementor-container elementor-column-gap-wider\">\n\t\t\t\t\t<div class=\"elementor-column elementor-col-100 elementor-top-column elementor-element elementor-element-bc4a4db\" data-id=\"bc4a4db\" data-element_type=\"column\">\n\t\t\t<div class=\"elementor-widget-wrap elementor-element-populated\">\n\t\t\t\t\t\t<div class=\"elementor-element elementor-element-6bd01a8 elementor-widget__width-auto elementor-widget elementor-widget-heading\" data-id=\"6bd01a8\" data-element_type=\"widget\" data-widget_type=\"heading.default\">\n\t\t\t\t<div class=\"elementor-widget-container\">\n\t\t\t<h2 class=\"elementor-heading-title elementor-size-default\">Our Team<\/h2>\t\t<\/div>\n\t\t\t\t<\/div>\n\t\t\t\t<div class=\"elementor-element elementor-element-926e81c elementor-widget elementor-widget-spacer\" data-id=\"926e81c\" data-element_type=\"widget\" data-widget_type=\"spacer.default\">\n\t\t\t\t<div class=\"elementor-widget-container\">\n\t\t\t\t\t<div class=\"elementor-spacer\">\n\t\t\t<div class=\"elementor-spacer-inner\"><\/div>\n\t\t<\/div>\n\t\t\t\t<\/div>\n\t\t\t\t<\/div>\n\t\t\t\t<div class=\"elementor-element elementor-element-ae1e7c2 elementor-widget__width-initial elementor-widget elementor-widget-heading\" data-id=\"ae1e7c2\" data-element_type=\"widget\" data-widget_type=\"heading.default\">\n\t\t\t\t<div class=\"elementor-widget-container\">\n\t\t\t<h2 class=\"elementor-heading-title elementor-size-default\">Start Your New Life Journey with Catalyst Experts<\/h2>\t\t<\/div>\n\t\t\t\t<\/div>\n\t\t\t\t\t<\/div>\n\t\t<\/div>\n\t\t\t\t\t<\/div>\n\t\t<\/section>\n\t\t\t\t<section class=\"elementor-section elementor-top-section elementor-element elementor-element-39ed134 elementor-section-full_width elementor-section-height-default elementor-section-height-default\" data-id=\"39ed134\" data-element_type=\"section\" data-settings=\"{&quot;background_background&quot;:&quot;classic&quot;}\">\n\t\t\t\t\t\t<div class=\"elementor-container elementor-column-gap-no\">\n\t\t\t\t\t<div class=\"elementor-column elementor-col-100 elementor-top-column elementor-element elementor-element-43e8d46\" data-id=\"43e8d46\" data-element_type=\"column\">\n\t\t\t<div class=\"elementor-widget-wrap elementor-element-populated\">\n\t\t\t\t\t\t<div class=\"elementor-element elementor-element-975717d img-align-top image-vertical-align-center slide-h-position-center icon-box-vertical-align-top preserve-img-ratio-cover elementor-widget elementor-widget-the7-elements-simple-posts\" data-id=\"975717d\" data-element_type=\"widget\" data-widget_type=\"the7-elements-simple-posts.default\">\n\t\t\t\t<div class=\"elementor-widget-container\">\n\t\t\t<div class=\"the7-simple-widget-posts the7-elementor-widget the7-elements-simple-posts-975717d jquery-filter title-to-line jquery-filter\" data-post-limit=\"-1\" data-pagination-mode=\"none\" data-scroll-offset=\"\" aria-live=\"assertive\">\t\t\t<div class=\"dt-css-grid custom-pagination-handler\" data-columns=\"{&quot;d&quot;:3,&quot;t&quot;:2,&quot;p&quot;:2,&quot;wd&quot;:4}\">\n\t\t\t\t\t\t\t\t\t<a class=\"wf-cell visible box-hover\" href=\"https:\/\/catalystinternational.com.tr\/en\/dt_team\/ozkan-ozengun\/\" target=\"\">\n\t\t\t\t\t\t<article class=\"post visible wrapper post-7951 dt_team type-dt_team status-publish has-post-thumbnail hentry dt_team_category-management\">\n\n\t\t\t\t\t\t\t<div class=\"post-content-wrapper\">\n\t\t\t\t\t\t\t\t\t\t\t\t\t\t\t\t\t<div class=\"the7-simple-post-thumb\">\n\t\t\t\t\t\t\t\t\t\t<div class=\"post-thumbnail-rollover layzr-bg img-css-resize-wrapper\" aria-label=\"Post image\"><img fetchpriority=\"high\" decoding=\"async\" width=\"1440\" height=\"1920\" src=\"data:image\/svg+xml,%3Csvg%20xmlns%3D&#039;http%3A%2F%2Fwww.w3.org%2F2000%2Fsvg&#039;%20viewBox%3D&#039;0%200%201440%201920&#039;%2F%3E\" class=\"attachment-full size-full preload-me aspect lazy lazy-load\" alt=\"\" sizes=\"(max-width: 1440px) 100vw, 1440px\" style=\"--ratio: 1440 \/ 1920;\" data-src=\"https:\/\/catalystinternational.com.tr\/wp-content\/uploads\/2020\/11\/IMG-6100.jpg\" loading=\"eager\" data-srcset=\"https:\/\/catalystinternational.com.tr\/wp-content\/uploads\/2020\/11\/IMG-6100.jpg 1440w, https:\/\/catalystinternational.com.tr\/wp-content\/uploads\/2020\/11\/IMG-6100-225x300.jpg 225w, https:\/\/catalystinternational.com.tr\/wp-content\/uploads\/2020\/11\/IMG-6100-768x1024.jpg 768w, https:\/\/catalystinternational.com.tr\/wp-content\/uploads\/2020\/11\/IMG-6100-1152x1536.jpg 1152w\" \/><span class=\"the7-hover-icon\"><\/span><\/div>\t\t\t\t\t\t\t\t\t<\/div>\n\t\t\t\t\t\t\t\t\t\t\t\t\t\t\t\t<div class=\"post-entry-content\">\n\t\t\t\t\t\t\t\t\t<h2 class=\"heading\"><span title=\"Ozkan OZENGUN\" class=\"post-title\">Ozkan OZENGUN<\/span><\/h2><p class=\"short-description\">Co-Founder \/ CEO<\/p>\t\t\t\t\t\t\t\t<\/div>\n\t\t\t\t\t\t\t<\/div>\n\t\t\t\t\t\t<\/article>\n\t\t\t\t\t<\/a>\t\t\t\t\t\t\t\t\t\t<a class=\"wf-cell visible box-hover\" href=\"https:\/\/catalystinternational.com.tr\/en\/dt_team\/dr-cuneyd-shining\/\" target=\"\">\n\t\t\t\t\t\t<article class=\"post visible wrapper post-7952 dt_team type-dt_team status-publish has-post-thumbnail hentry dt_team_category-management\">\n\n\t\t\t\t\t\t\t<div class=\"post-content-wrapper\">\n\t\t\t\t\t\t\t\t\t\t\t\t\t\t\t\t\t<div class=\"the7-simple-post-thumb\">\n\t\t\t\t\t\t\t\t\t\t<div class=\"post-thumbnail-rollover layzr-bg img-css-resize-wrapper\" aria-label=\"Post image\"><img decoding=\"async\" width=\"640\" height=\"640\" src=\"data:image\/svg+xml,%3Csvg%20xmlns%3D&#039;http%3A%2F%2Fwww.w3.org%2F2000%2Fsvg&#039;%20viewBox%3D&#039;0%200%20640%20640&#039;%2F%3E\" class=\"attachment-full size-full preload-me aspect lazy lazy-load\" alt=\"\" sizes=\"(max-width: 640px) 100vw, 640px\" style=\"--ratio: 640 \/ 640;\" data-src=\"https:\/\/catalystinternational.com.tr\/wp-content\/uploads\/2020\/11\/Cuneyd-hoca45.jpg\" loading=\"eager\" data-srcset=\"https:\/\/catalystinternational.com.tr\/wp-content\/uploads\/2020\/11\/Cuneyd-hoca45.jpg 640w, https:\/\/catalystinternational.com.tr\/wp-content\/uploads\/2020\/11\/Cuneyd-hoca45-300x300.jpg 300w, https:\/\/catalystinternational.com.tr\/wp-content\/uploads\/2020\/11\/Cuneyd-hoca45-150x150.jpg 150w, https:\/\/catalystinternational.com.tr\/wp-content\/uploads\/2020\/11\/Cuneyd-hoca45-12x12.jpg 12w\" \/><span class=\"the7-hover-icon\"><\/span><\/div>\t\t\t\t\t\t\t\t\t<\/div>\n\t\t\t\t\t\t\t\t\t\t\t\t\t\t\t\t<div class=\"post-entry-content\">\n\t\t\t\t\t\t\t\t\t<h2 class=\"heading\"><span title=\"Dr. Cuneyd PARLAYAN\" class=\"post-title\">Dr. Cuneyd PARLAYAN<\/span><\/h2><p class=\"short-description\">Co-Founder \/ CTO<\/p>\t\t\t\t\t\t\t\t<\/div>\n\t\t\t\t\t\t\t<\/div>\n\t\t\t\t\t\t<\/article>\n\t\t\t\t\t<\/a>\t\t\t\t\t\t\t\t\t\t<a class=\"wf-cell visible box-hover\" href=\"https:\/\/catalystinternational.com.tr\/en\/dt_team\/merve-yaman-ozengun\/\" target=\"\">\n\t\t\t\t\t\t<article class=\"post visible wrapper post-7949 dt_team type-dt_team status-publish has-post-thumbnail hentry dt_team_category-management\">\n\n\t\t\t\t\t\t\t<div class=\"post-content-wrapper\">\n\t\t\t\t\t\t\t\t\t\t\t\t\t\t\t\t\t<div class=\"the7-simple-post-thumb\">\n\t\t\t\t\t\t\t\t\t\t<div class=\"post-thumbnail-rollover layzr-bg img-css-resize-wrapper\" aria-label=\"Post image\"><img decoding=\"async\" width=\"1649\" height=\"1920\" src=\"data:image\/svg+xml,%3Csvg%20xmlns%3D&#039;http%3A%2F%2Fwww.w3.org%2F2000%2Fsvg&#039;%20viewBox%3D&#039;0%200%201649%201920&#039;%2F%3E\" class=\"attachment-full size-full preload-me aspect lazy lazy-load\" alt=\"\" sizes=\"(max-width: 1649px) 100vw, 1649px\" style=\"--ratio: 1649 \/ 1920;\" data-src=\"https:\/\/catalystinternational.com.tr\/wp-content\/uploads\/2020\/11\/IMG-6097.jpg\" loading=\"eager\" data-srcset=\"https:\/\/catalystinternational.com.tr\/wp-content\/uploads\/2020\/11\/IMG-6097.jpg 1649w, https:\/\/catalystinternational.com.tr\/wp-content\/uploads\/2020\/11\/IMG-6097-258x300.jpg 258w, https:\/\/catalystinternational.com.tr\/wp-content\/uploads\/2020\/11\/IMG-6097-879x1024.jpg 879w, https:\/\/catalystinternational.com.tr\/wp-content\/uploads\/2020\/11\/IMG-6097-768x894.jpg 768w, https:\/\/catalystinternational.com.tr\/wp-content\/uploads\/2020\/11\/IMG-6097-1319x1536.jpg 1319w\" \/><span class=\"the7-hover-icon\"><\/span><\/div>\t\t\t\t\t\t\t\t\t<\/div>\n\t\t\t\t\t\t\t\t\t\t\t\t\t\t\t\t<div class=\"post-entry-content\">\n\t\t\t\t\t\t\t\t\t<h2 class=\"heading\"><span title=\"Merve YAMAN \u00d6ZENGUN\" class=\"post-title\">Merve YAMAN \u00d6ZENGUN<\/span><\/h2><p class=\"short-description\">Operations Manager \/ COO<\/p>\t\t\t\t\t\t\t\t<\/div>\n\t\t\t\t\t\t\t<\/div>\n\t\t\t\t\t\t<\/article>\n\t\t\t\t\t<\/a>\t\t\t\t\t\t\t\t\t\t<a class=\"wf-cell visible box-hover\" href=\"https:\/\/catalystinternational.com.tr\/en\/dt_team\/kadir-tamrak\/\" target=\"\">\n\t\t\t\t\t\t<article class=\"post visible wrapper post-80693 dt_team type-dt_team status-publish has-post-thumbnail hentry dt_team_category-management\">\n\n\t\t\t\t\t\t\t<div class=\"post-content-wrapper\">\n\t\t\t\t\t\t\t\t\t\t\t\t\t\t\t\t\t<div class=\"the7-simple-post-thumb\">\n\t\t\t\t\t\t\t\t\t\t<div class=\"post-thumbnail-rollover layzr-bg img-css-resize-wrapper\" aria-label=\"Post image\"><img decoding=\"async\" width=\"1200\" height=\"1600\" src=\"data:image\/svg+xml,%3Csvg%20xmlns%3D&#039;http%3A%2F%2Fwww.w3.org%2F2000%2Fsvg&#039;%20viewBox%3D&#039;0%200%201200%201600&#039;%2F%3E\" class=\"attachment-full size-full preload-me aspect lazy lazy-load\" alt=\"\" sizes=\"(max-width: 1200px) 100vw, 1200px\" style=\"--ratio: 1200 \/ 1600;\" data-src=\"https:\/\/catalystinternational.com.tr\/wp-content\/uploads\/2020\/11\/kadir-tamrak-photo.jpg\" loading=\"eager\" data-srcset=\"https:\/\/catalystinternational.com.tr\/wp-content\/uploads\/2020\/11\/kadir-tamrak-photo.jpg 1200w, https:\/\/catalystinternational.com.tr\/wp-content\/uploads\/2020\/11\/kadir-tamrak-photo-225x300.jpg 225w, https:\/\/catalystinternational.com.tr\/wp-content\/uploads\/2020\/11\/kadir-tamrak-photo-768x1024.jpg 768w, https:\/\/catalystinternational.com.tr\/wp-content\/uploads\/2020\/11\/kadir-tamrak-photo-1152x1536.jpg 1152w, https:\/\/catalystinternational.com.tr\/wp-content\/uploads\/2020\/11\/kadir-tamrak-photo-9x12.jpg 9w\" \/><span class=\"the7-hover-icon\"><\/span><\/div>\t\t\t\t\t\t\t\t\t<\/div>\n\t\t\t\t\t\t\t\t\t\t\t\t\t\t\t\t<div class=\"post-entry-content\">\n\t\t\t\t\t\t\t\t\t<h2 class=\"heading\"><span title=\"Kadir TAMRAK\" class=\"post-title\">Kadir TAMRAK<\/span><\/h2><p class=\"short-description\">IT Director \/ Int. Network Manager <\/p>\t\t\t\t\t\t\t\t<\/div>\n\t\t\t\t\t\t\t<\/div>\n\t\t\t\t\t\t<\/article>\n\t\t\t\t\t<\/a>\t\t\t\t\t\t\t\t\t\t<a class=\"wf-cell visible box-hover\" href=\"https:\/\/catalystinternational.com.tr\/en\/dt_team\/yunus-ozan-ayhan\/\" target=\"\">\n\t\t\t\t\t\t<article class=\"post visible wrapper no-img post-7958 dt_team type-dt_team status-publish hentry dt_team_category-management\">\n\n\t\t\t\t\t\t\t<div class=\"post-content-wrapper\">\n\t\t\t\t\t\t\t\t\t\t\t\t\t\t\t\t<div class=\"post-entry-content\">\n\t\t\t\t\t\t\t\t\t<h2 class=\"heading\"><span title=\"Yunus Ozan AYHAN\" class=\"post-title\">Yunus Ozan AYHAN<\/span><\/h2><p class=\"short-description\">North America Coordinator<\/p>\t\t\t\t\t\t\t\t<\/div>\n\t\t\t\t\t\t\t<\/div>\n\t\t\t\t\t\t<\/article>\n\t\t\t\t\t<\/a>\t\t\t\t\t\t\t\t\t\t<a class=\"wf-cell visible box-hover\" href=\"https:\/\/catalystinternational.com.tr\/en\/dt_team\/ozkan-ozengun\/\" target=\"\">\n\t\t\t\t\t\t<article class=\"post visible wrapper post-82220 dt_team type-dt_team status-publish has-post-thumbnail hentry dt_team_category-management\">\n\n\t\t\t\t\t\t\t<div class=\"post-content-wrapper\">\n\t\t\t\t\t\t\t\t\t\t\t\t\t\t\t\t\t<div class=\"the7-simple-post-thumb\">\n\t\t\t\t\t\t\t\t\t\t<div class=\"post-thumbnail-rollover layzr-bg img-css-resize-wrapper\" aria-label=\"Post image\"><img decoding=\"async\" width=\"1290\" height=\"1288\" src=\"data:image\/svg+xml,%3Csvg%20xmlns%3D&#039;http%3A%2F%2Fwww.w3.org%2F2000%2Fsvg&#039;%20viewBox%3D&#039;0%200%201290%201288&#039;%2F%3E\" class=\"attachment-full size-full preload-me aspect lazy lazy-load\" alt=\"\" sizes=\"(max-width: 1290px) 100vw, 1290px\" style=\"--ratio: 1290 \/ 1288;\" data-src=\"https:\/\/catalystinternational.com.tr\/wp-content\/uploads\/2019\/12\/WhatsApp-Gorsel-2025-10-01-saat-15.03.25_bc4b408f.jpg\" loading=\"eager\" data-srcset=\"https:\/\/catalystinternational.com.tr\/wp-content\/uploads\/2019\/12\/WhatsApp-Gorsel-2025-10-01-saat-15.03.25_bc4b408f.jpg 1290w, https:\/\/catalystinternational.com.tr\/wp-content\/uploads\/2019\/12\/WhatsApp-Gorsel-2025-10-01-saat-15.03.25_bc4b408f-300x300.jpg 300w, https:\/\/catalystinternational.com.tr\/wp-content\/uploads\/2019\/12\/WhatsApp-Gorsel-2025-10-01-saat-15.03.25_bc4b408f-1024x1022.jpg 1024w, https:\/\/catalystinternational.com.tr\/wp-content\/uploads\/2019\/12\/WhatsApp-Gorsel-2025-10-01-saat-15.03.25_bc4b408f-150x150.jpg 150w, https:\/\/catalystinternational.com.tr\/wp-content\/uploads\/2019\/12\/WhatsApp-Gorsel-2025-10-01-saat-15.03.25_bc4b408f-768x767.jpg 768w, https:\/\/catalystinternational.com.tr\/wp-content\/uploads\/2019\/12\/WhatsApp-Gorsel-2025-10-01-saat-15.03.25_bc4b408f-12x12.jpg 12w\" \/><span class=\"the7-hover-icon\"><\/span><\/div>\t\t\t\t\t\t\t\t\t<\/div>\n\t\t\t\t\t\t\t\t\t\t\t\t\t\t\t\t<div class=\"post-entry-content\">\n\t\t\t\t\t\t\t\t\t<h2 class=\"heading\"><span title=\"Tugba Bakirci\" class=\"post-title\">Tugba Bakirci<\/span><\/h2><p class=\"short-description\">Graphic Designer<\/p>\t\t\t\t\t\t\t\t<\/div>\n\t\t\t\t\t\t\t<\/div>\n\t\t\t\t\t\t<\/article>\n\t\t\t\t\t<\/a>\t\t\t\t\t\t\t\t\t\t<a class=\"wf-cell visible box-hover\" href=\"https:\/\/catalystinternational.com.tr\/en\/dt_team\/ozkan-ozengun\/\" target=\"\">\n\t\t\t\t\t\t<article class=\"post visible wrapper post-82302 dt_team type-dt_team status-publish has-post-thumbnail hentry dt_team_category-management\">\n\n\t\t\t\t\t\t\t<div class=\"post-content-wrapper\">\n\t\t\t\t\t\t\t\t\t\t\t\t\t\t\t\t\t<div class=\"the7-simple-post-thumb\">\n\t\t\t\t\t\t\t\t\t\t<div class=\"post-thumbnail-rollover layzr-bg img-css-resize-wrapper\" aria-label=\"Post image\"><img decoding=\"async\" width=\"1536\" height=\"2048\" src=\"data:image\/svg+xml,%3Csvg%20xmlns%3D&#039;http%3A%2F%2Fwww.w3.org%2F2000%2Fsvg&#039;%20viewBox%3D&#039;0%200%201536%202048&#039;%2F%3E\" class=\"attachment-full size-full preload-me aspect lazy lazy-load\" alt=\"Ayse-Buket-Tuzcu-Asis\" sizes=\"(max-width: 1536px) 100vw, 1536px\" style=\"--ratio: 1536 \/ 2048;\" data-src=\"https:\/\/catalystinternational.com.tr\/wp-content\/uploads\/2023\/06\/ayse-buket-tuzcu-asis.jpg\" loading=\"eager\" data-srcset=\"https:\/\/catalystinternational.com.tr\/wp-content\/uploads\/2023\/06\/ayse-buket-tuzcu-asis.jpg 1536w, https:\/\/catalystinternational.com.tr\/wp-content\/uploads\/2023\/06\/ayse-buket-tuzcu-asis-225x300.jpg 225w, https:\/\/catalystinternational.com.tr\/wp-content\/uploads\/2023\/06\/ayse-buket-tuzcu-asis-768x1024.jpg 768w, https:\/\/catalystinternational.com.tr\/wp-content\/uploads\/2023\/06\/ayse-buket-tuzcu-asis-1152x1536.jpg 1152w, https:\/\/catalystinternational.com.tr\/wp-content\/uploads\/2023\/06\/ayse-buket-tuzcu-asis-9x12.jpg 9w\" \/><span class=\"the7-hover-icon\"><\/span><\/div>\t\t\t\t\t\t\t\t\t<\/div>\n\t\t\t\t\t\t\t\t\t\t\t\t\t\t\t\t<div class=\"post-entry-content\">\n\t\t\t\t\t\t\t\t\t<h2 class=\"heading\"><span title=\"Ayse Buket Tuzcu\" class=\"post-title\">Ayse Buket Tuzcu<\/span><\/h2><p class=\"short-description\">Social Media Manager &amp; Assistant<\/p>\t\t\t\t\t\t\t\t<\/div>\n\t\t\t\t\t\t\t<\/div>\n\t\t\t\t\t\t<\/article>\n\t\t\t\t\t<\/a>\t\t\t\t\t\t\t\t<\/div>\n\t\t<\/div>\t\t<\/div>\n\t\t\t\t<\/div>\n\t\t\t\t\t<\/div>\n\t\t<\/div>\n\t\t\t\t\t<\/div>\n\t\t<\/section>\n\t\t\t\t<section class=\"elementor-section elementor-top-section elementor-element elementor-element-4a157bb elementor-section-content-middle elementor-section-boxed elementor-section-height-default elementor-section-height-default\" data-id=\"4a157bb\" data-element_type=\"section\" data-settings=\"{&quot;background_background&quot;:&quot;classic&quot;}\">\n\t\t\t\t\t\t<div class=\"elementor-container elementor-column-gap-wider\">\n\t\t\t\t\t<div class=\"elementor-column elementor-col-100 elementor-top-column elementor-element elementor-element-987ef25\" data-id=\"987ef25\" data-element_type=\"column\">\n\t\t\t<div class=\"elementor-widget-wrap elementor-element-populated\">\n\t\t\t\t\t\t<div class=\"elementor-element elementor-element-b252ebd elementor-widget__width-initial elementor-widget elementor-widget-heading\" data-id=\"b252ebd\" data-element_type=\"widget\" data-widget_type=\"heading.default\">\n\t\t\t\t<div class=\"elementor-widget-container\">\n\t\t\t<h3 class=\"elementor-heading-title elementor-size-default\">A good project excels in the hands of qualified professionals.<\/h3>\t\t<\/div>\n\t\t\t\t<\/div>\n\t\t\t\t<div class=\"elementor-element elementor-element-c6eeea2 elementor-widget elementor-widget-spacer\" data-id=\"c6eeea2\" data-element_type=\"widget\" data-widget_type=\"spacer.default\">\n\t\t\t\t<div class=\"elementor-widget-container\">\n\t\t\t\t\t<div class=\"elementor-spacer\">\n\t\t\t<div class=\"elementor-spacer-inner\"><\/div>\n\t\t<\/div>\n\t\t\t\t<\/div>\n\t\t\t\t<\/div>\n\t\t\t\t<div class=\"elementor-element elementor-element-af6b678 content-align-mobile-center icon-position-mobile-top icon-vertical-align-mobile-center content-align-left icon-box-vertical-align-top icon-position-left icon-vertical-align-start elementor-widget elementor-widget-the7_icon_box_grid_widget\" data-id=\"af6b678\" data-element_type=\"widget\" data-widget_type=\"the7_icon_box_grid_widget.default\">\n\t\t\t\t<div class=\"elementor-widget-container\">\n\t\t\t<div class=\"the7-box-grid-wrapper the7-elementor-widget loading-effect-none the7_icon_box_grid_widget-af6b678\">\t\t\t<div class=\"dt-css-grid\">\n\t\t\t\t\t\t\t\t\t<div class=\"wf-cell shown\">\n\t\t\t\t\t\t<div class=\"the7-icon-box-grid\">\t\t\t\t\t\t\t<div class=\"box-content-wrapper\">\n\t\t\t\t\t\t\t\t\t\t\t\t\t\t\t\t\t<a class=\"elementor-icon-div\" aria-label=\"Idea\">\t\t\t\t\t\t\t\t\t\t<div class=\"elementor-icon\">\n\t\t\t\t\t\t\t\t\t\t\t<i aria-hidden=\"true\" class=\"icomoon-the7-font-the7-arrow-37\"><\/i>\t\t\t\t\t\t\t\t\t\t<\/div>\n\t\t\t\t\t\t\t\t\t<\/a>\t\t\t\t\t\t\t\t\t\t\t\t\t\t\t\t<div class=\"box-content\">\n\t\t\t\t\t\t\t\t\t\t\t\t\t\t\t\t\t\t\t\t\t\t\t\t\t\t\t\t\t<h4 class=\"box-heading\">\n\t\t\t\t\t\t\t\t\t\t\t<a aria-label=\"Idea\">\t\t\t\t\t\t\t\t\t\t\t\tIdea\t\t\t\t\t\t\t\t\t\t\t<\/a>\t\t\t\t\t\t\t\t\t\t<\/h4>\n\t\t\t\t\t\t\t\t\t\t\t\t\t\t\t\t\t\t\t\t\t\t\t\t\t\t\t\t<div class=\"box-description\">This is where your entrepreneurial ideas start to take shape. (Don't have an idea, Don't worry! Your skills will add you to the existing startup ideas through our team of experts)<\/div>\n\t\t\t\t\t\t\t\t\t\t\t\t\t\t\t\t\t\t\t\t\t\t\t\t\t\t<\/div>\n\t\t\t\t\t\t\t<\/div>\n\t\t\t\t\t\t<\/div>\t\t\t\t\t<\/div>\n\t\t\t\t\t\t\t\t\t<div class=\"wf-cell shown\">\n\t\t\t\t\t\t<div class=\"the7-icon-box-grid\">\t\t\t\t\t\t\t<div class=\"box-content-wrapper\">\n\t\t\t\t\t\t\t\t\t\t\t\t\t\t\t\t\t<a class=\"elementor-icon-div\" aria-label=\"Projecting\">\t\t\t\t\t\t\t\t\t\t<div class=\"elementor-icon\">\n\t\t\t\t\t\t\t\t\t\t\t<i aria-hidden=\"true\" class=\"icomoon-the7-font-the7-arrow-37\"><\/i>\t\t\t\t\t\t\t\t\t\t<\/div>\n\t\t\t\t\t\t\t\t\t<\/a>\t\t\t\t\t\t\t\t\t\t\t\t\t\t\t\t<div class=\"box-content\">\n\t\t\t\t\t\t\t\t\t\t\t\t\t\t\t\t\t\t\t\t\t\t\t\t\t\t\t\t\t<h4 class=\"box-heading\">\n\t\t\t\t\t\t\t\t\t\t\t<a aria-label=\"Projecting\">\t\t\t\t\t\t\t\t\t\t\t\tProjecting\t\t\t\t\t\t\t\t\t\t\t<\/a>\t\t\t\t\t\t\t\t\t\t<\/h4>\n\t\t\t\t\t\t\t\t\t\t\t\t\t\t\t\t\t\t\t\t\t\t\t\t\t\t\t\t<div class=\"box-description\">This is the place you need to perfect your ideas and turn them into a start-up.<\/div>\n\t\t\t\t\t\t\t\t\t\t\t\t\t\t\t\t\t\t\t\t\t\t\t\t\t\t<\/div>\n\t\t\t\t\t\t\t<\/div>\n\t\t\t\t\t\t<\/div>\t\t\t\t\t<\/div>\n\t\t\t\t\t\t\t\t\t<div class=\"wf-cell shown\">\n\t\t\t\t\t\t<div class=\"the7-icon-box-grid\">\t\t\t\t\t\t\t<div class=\"box-content-wrapper\">\n\t\t\t\t\t\t\t\t\t\t\t\t\t\t\t\t\t<a class=\"elementor-icon-div\" aria-label=\"Business plan and application \">\t\t\t\t\t\t\t\t\t\t<div class=\"elementor-icon\">\n\t\t\t\t\t\t\t\t\t\t\t<i aria-hidden=\"true\" class=\"icomoon-the7-font-the7-arrow-37\"><\/i>\t\t\t\t\t\t\t\t\t\t<\/div>\n\t\t\t\t\t\t\t\t\t<\/a>\t\t\t\t\t\t\t\t\t\t\t\t\t\t\t\t<div class=\"box-content\">\n\t\t\t\t\t\t\t\t\t\t\t\t\t\t\t\t\t\t\t\t\t\t\t\t\t\t\t\t\t<h4 class=\"box-heading\">\n\t\t\t\t\t\t\t\t\t\t\t<a aria-label=\"Business plan and application \">\t\t\t\t\t\t\t\t\t\t\t\tBusiness plan and application \t\t\t\t\t\t\t\t\t\t\t<\/a>\t\t\t\t\t\t\t\t\t\t<\/h4>\n\t\t\t\t\t\t\t\t\t\t\t\t\t\t\t\t\t\t\t\t\t\t\t\t\t\t\t\t<div class=\"box-description\">Your idea is now a project, but it is vital that it is presented to the authorities and approved. Our team of experts will prepare your business plan at the international level and carry out the necessary work to obtain approval from universities and incubators.<\/div>\n\t\t\t\t\t\t\t\t\t\t\t\t\t\t\t\t\t\t\t\t\t\t\t\t\t\t<\/div>\n\t\t\t\t\t\t\t<\/div>\n\t\t\t\t\t\t<\/div>\t\t\t\t\t<\/div>\n\t\t\t\t\t\t\t\t\t<div class=\"wf-cell shown\">\n\t\t\t\t\t\t<div class=\"the7-icon-box-grid\">\t\t\t\t\t\t\t<div class=\"box-content-wrapper\">\n\t\t\t\t\t\t\t\t\t\t\t\t\t\t\t\t\t<a class=\"elementor-icon-div\" aria-label=\"Start-up and Immigration\">\t\t\t\t\t\t\t\t\t\t<div class=\"elementor-icon\">\n\t\t\t\t\t\t\t\t\t\t\t<i aria-hidden=\"true\" class=\"icomoon-the7-font-the7-arrow-37\"><\/i>\t\t\t\t\t\t\t\t\t\t<\/div>\n\t\t\t\t\t\t\t\t\t<\/a>\t\t\t\t\t\t\t\t\t\t\t\t\t\t\t\t<div class=\"box-content\">\n\t\t\t\t\t\t\t\t\t\t\t\t\t\t\t\t\t\t\t\t\t\t\t\t\t\t\t\t\t<h4 class=\"box-heading\">\n\t\t\t\t\t\t\t\t\t\t\t<a aria-label=\"Start-up and Immigration\">\t\t\t\t\t\t\t\t\t\t\t\tStart-up and Immigration\t\t\t\t\t\t\t\t\t\t\t<\/a>\t\t\t\t\t\t\t\t\t\t<\/h4>\n\t\t\t\t\t\t\t\t\t\t\t\t\t\t\t\t\t\t\t\t\t\t\t\t\t\t\t\t<div class=\"box-description\">After the Start-up and Immigration Approval, you are entitled to enter a 3-month entrepreneurship training by the incubation center, do not worry, you are not subject to any exam or elimination after the training. The letter of support you will receive at the end of your training will permanently move you, your team and your family to Canada.<\/div>\n\t\t\t\t\t\t\t\t\t\t\t\t\t\t\t\t\t\t\t\t\t\t\t\t\t\t<\/div>\n\t\t\t\t\t\t\t<\/div>\n\t\t\t\t\t\t<\/div>\t\t\t\t\t<\/div>\n\t\t\t\t\t\t\t<\/div>\n\t\t<\/div>\t\t<\/div>\n\t\t\t\t<\/div>\n\t\t\t\t\t<\/div>\n\t\t<\/div>\n\t\t\t\t\t<\/div>\n\t\t<\/section>\n\t\t\t\t<\/div>","protected":false},"excerpt":{"rendered":"<p>Ekibimiz Catalyst Uzmanlar\u0131yla Yeni Ya\u015fam Yolculu\u011funuza Ba\u015flay\u0131n \u00d6zkan \u00d6ZENG\u00dcN Co-Founder \/ CEO Dr. C\u00fcneyd PARLAYAN Co-Founder \/ CTO Merve YAMAN \u00d6ZENG\u00dcN Operation Manager \/ COO Kadir TAMRAK IT Director \/ Int. Network Manager Yunus Ozan AYHAN North America Coordinator Dilara Elhan Office Manager &amp; Assistant Ay\u015fe Buket Tuzcu Social Media Manager &amp; Assistant \u0130yi bir&hellip;<\/p>","protected":false},"author":1,"featured_media":0,"parent":0,"menu_order":261,"comment_status":"closed","ping_status":"closed","template":"","meta":{"footnotes":""},"class_list":["post-7981","page","type-page","status-publish","hentry"],"_links":{"self":[{"href":"https:\/\/catalystinternational.com.tr\/en\/wp-json\/wp\/v2\/pages\/7981","targetHints":{"allow":["GET"]}}],"collection":[{"href":"https:\/\/catalystinternational.com.tr\/en\/wp-json\/wp\/v2\/pages"}],"about":[{"href":"https:\/\/catalystinternational.com.tr\/en\/wp-json\/wp\/v2\/types\/page"}],"author":[{"embeddable":true,"href":"https:\/\/catalystinternational.com.tr\/en\/wp-json\/wp\/v2\/users\/1"}],"replies":[{"embeddable":true,"href":"https:\/\/catalystinternational.com.tr\/en\/wp-json\/wp\/v2\/comments?post=7981"}],"version-history":[{"count":7,"href":"https:\/\/catalystinternational.com.tr\/en\/wp-json\/wp\/v2\/pages\/7981\/revisions"}],"predecessor-version":[{"id":82804,"href":"https:\/\/catalystinternational.com.tr\/en\/wp-json\/wp\/v2\/pages\/7981\/revisions\/82804"}],"wp:attachment":[{"href":"https:\/\/catalystinternational.com.tr\/en\/wp-json\/wp\/v2\/media?parent=7981"}],"curies":[{"name":"wp","href":"https:\/\/api.w.org\/{rel}","templated":true}]}}