{"id":7613,"date":"2020-11-06T14:08:10","date_gmt":"2020-11-06T11:08:10","guid":{"rendered":"https:\/\/the7.io\/elementor-main\/?page_id=7613"},"modified":"2023-06-20T18:59:46","modified_gmt":"2023-06-20T15:59:46","slug":"sirketimiz","status":"publish","type":"page","link":"https:\/\/catalystinternational.com.tr\/en\/our-company-2\/","title":{"rendered":"Our Company"},"content":{"rendered":"<div data-elementor-type=\"wp-page\" data-elementor-id=\"7613\" class=\"elementor elementor-7613\" data-elementor-post-type=\"page\">\n\t\t\t\t\t\t<section class=\"elementor-section elementor-top-section elementor-element elementor-element-5fb22b9f elementor-reverse-tablet elementor-reverse-mobile elementor-section-height-min-height elementor-section-boxed elementor-section-height-default elementor-section-items-middle\" data-id=\"5fb22b9f\" data-element_type=\"section\" data-settings=\"{&quot;background_background&quot;:&quot;classic&quot;}\">\n\t\t\t\t\t\t<div class=\"elementor-container elementor-column-gap-wider\">\n\t\t\t\t\t<div class=\"elementor-column elementor-col-50 elementor-top-column elementor-element elementor-element-1b5fcbb9\" data-id=\"1b5fcbb9\" data-element_type=\"column\">\n\t\t\t<div class=\"elementor-widget-wrap elementor-element-populated\">\n\t\t\t\t\t\t<div class=\"elementor-element elementor-element-3bde6b3a elementor-widget elementor-widget-heading\" data-id=\"3bde6b3a\" data-element_type=\"widget\" data-widget_type=\"heading.default\">\n\t\t\t\t<div class=\"elementor-widget-container\">\n\t\t\t<h2 class=\"elementor-heading-title elementor-size-default\">About us<\/h2>\t\t<\/div>\n\t\t\t\t<\/div>\n\t\t\t\t\t<\/div>\n\t\t<\/div>\n\t\t\t\t<div class=\"elementor-column elementor-col-50 elementor-top-column elementor-element elementor-element-1ee2b3e4\" data-id=\"1ee2b3e4\" data-element_type=\"column\">\n\t\t\t<div class=\"elementor-widget-wrap elementor-element-populated\">\n\t\t\t\t\t\t<div class=\"elementor-element elementor-element-2143bf5 elementor-widget elementor-widget-the7-breadcrumb\" data-id=\"2143bf5\" data-element_type=\"widget\" data-widget_type=\"the7-breadcrumb.default\">\n\t\t\t\t<div class=\"elementor-widget-container\">\n\t\t\t<div class=\"assistive-text\">You are here:<\/div><ol class=\"breadcrumbs text-small rcrumbs\" itemscope itemtype=\"https:\/\/schema.org\/BreadcrumbList\"><li itemprop=\"itemListElement\" itemscope itemtype=\"https:\/\/schema.org\/ListItem\"><a itemprop=\"item\" href=\"https:\/\/catalystinternational.com.tr\/en\/\" title=\"Home\"><span itemprop=\"name\">Home<\/span><\/a><meta itemprop=\"position\" content=\"1\" \/><\/li><li class=\"current\" itemprop=\"itemListElement\" itemscope itemtype=\"https:\/\/schema.org\/ListItem\"><span itemprop=\"name\">Page<\/span><meta itemprop=\"position\" content=\"2\" \/><\/li><\/ol>\t\t<\/div>\n\t\t\t\t<\/div>\n\t\t\t\t\t<\/div>\n\t\t<\/div>\n\t\t\t\t\t<\/div>\n\t\t<\/section>\n\t\t\t\t<section class=\"elementor-section elementor-top-section elementor-element elementor-element-c7b54ee elementor-section-stretched elementor-reverse-tablet elementor-reverse-mobile elementor-section-boxed elementor-section-height-default elementor-section-height-default\" data-id=\"c7b54ee\" data-element_type=\"section\" data-settings=\"{&quot;stretch_section&quot;:&quot;section-stretched&quot;}\">\n\t\t\t\t\t\t<div class=\"elementor-container elementor-column-gap-wider\">\n\t\t\t\t\t<div class=\"elementor-column elementor-col-50 elementor-top-column elementor-element elementor-element-e02bf89\" data-id=\"e02bf89\" data-element_type=\"column\">\n\t\t\t<div class=\"elementor-widget-wrap elementor-element-populated\">\n\t\t\t\t\t\t<div class=\"elementor-element elementor-element-b465734 elementor-invisible elementor-widget elementor-widget-heading\" data-id=\"b465734\" data-element_type=\"widget\" data-settings=\"{&quot;_animation&quot;:&quot;fadeInLeft&quot;}\" data-widget_type=\"heading.default\">\n\t\t\t\t<div class=\"elementor-widget-container\">\n\t\t\t<h2 class=\"elementor-heading-title elementor-size-default\">About Catalyst International<\/h2>\t\t<\/div>\n\t\t\t\t<\/div>\n\t\t\t\t<div class=\"elementor-element elementor-element-3c8e41a elementor-widget elementor-widget-spacer\" data-id=\"3c8e41a\" data-element_type=\"widget\" data-widget_type=\"spacer.default\">\n\t\t\t\t<div class=\"elementor-widget-container\">\n\t\t\t\t\t<div class=\"elementor-spacer\">\n\t\t\t<div class=\"elementor-spacer-inner\"><\/div>\n\t\t<\/div>\n\t\t\t\t<\/div>\n\t\t\t\t<\/div>\n\t\t\t\t<div class=\"elementor-element elementor-element-14c1d33 elementor-invisible elementor-widget elementor-widget-heading\" data-id=\"14c1d33\" data-element_type=\"widget\" data-settings=\"{&quot;_animation&quot;:&quot;fadeInLeft&quot;}\" data-widget_type=\"heading.default\">\n\t\t\t\t<div class=\"elementor-widget-container\">\n\t\t\t<h4 class=\"elementor-heading-title elementor-size-default\">We project all your worldwide startup ideas and turn them into Start-Up Visa Program. <\/h4>\t\t<\/div>\n\t\t\t\t<\/div>\n\t\t\t\t<div class=\"elementor-element elementor-element-738bb8b elementor-widget elementor-widget-spacer\" data-id=\"738bb8b\" data-element_type=\"widget\" data-widget_type=\"spacer.default\">\n\t\t\t\t<div class=\"elementor-widget-container\">\n\t\t\t\t\t<div class=\"elementor-spacer\">\n\t\t\t<div class=\"elementor-spacer-inner\"><\/div>\n\t\t<\/div>\n\t\t\t\t<\/div>\n\t\t\t\t<\/div>\n\t\t\t\t<div class=\"elementor-element elementor-element-e768790 elementor-invisible elementor-widget elementor-widget-text-editor\" data-id=\"e768790\" data-element_type=\"widget\" data-settings=\"{&quot;_animation&quot;:&quot;fadeInLeft&quot;}\" data-widget_type=\"text-editor.default\">\n\t\t\t\t<div class=\"elementor-widget-container\">\n\t\t\t\t\t\t\t<p>Catalyst International is a company dedicated to bringing innovative, creative, and entrepreneurial ideas to Canada's leading universities. Our goal is to help you develop these ideas to their final stage and help you obtain permanent residency in Canada.<\/p><p><br \/>At Catalyst International, we know that the process of obtaining Canadian permanent residency can be challenging and daunting. That is why we are here to offer you support and assistance every step of the way. Our knowledgeable and experienced team of professionals will work with you to ensure that your application for permanent residency is as smooth and stress-free as possible.<\/p><p><br \/>We believe that innovation, creativity and entrepreneurship are the main factors that drive growth and progress in society. That's why we are committed to working with you to bring your ideas to life and help you succeed in Canada. If you have a great idea that you want to see realized, don't hesitate to reach out to us. We look forward to hearing from you!<\/p>\t\t\t\t\t\t<\/div>\n\t\t\t\t<\/div>\n\t\t\t\t<div class=\"elementor-element elementor-element-c626c8b elementor-widget elementor-widget-spacer\" data-id=\"c626c8b\" data-element_type=\"widget\" data-widget_type=\"spacer.default\">\n\t\t\t\t<div class=\"elementor-widget-container\">\n\t\t\t\t\t<div class=\"elementor-spacer\">\n\t\t\t<div class=\"elementor-spacer-inner\"><\/div>\n\t\t<\/div>\n\t\t\t\t<\/div>\n\t\t\t\t<\/div>\n\t\t\t\t\t<\/div>\n\t\t<\/div>\n\t\t\t\t<div class=\"elementor-column elementor-col-50 elementor-top-column elementor-element elementor-element-a8defc0\" data-id=\"a8defc0\" data-element_type=\"column\" data-settings=\"{&quot;background_background&quot;:&quot;classic&quot;}\">\n\t\t\t<div class=\"elementor-widget-wrap elementor-element-populated\">\n\t\t\t\t\t\t<div class=\"elementor-element elementor-element-35e9688 e-transform e-transform elementor-absolute e-transform elementor-widget elementor-widget-image\" data-id=\"35e9688\" data-element_type=\"widget\" data-settings=\"{&quot;_transform_flipX_effect&quot;:&quot;transform&quot;,&quot;_transform_flipY_effect&quot;:&quot;transform&quot;,&quot;_position&quot;:&quot;absolute&quot;,&quot;_transform_translateX_effect&quot;:{&quot;unit&quot;:&quot;%&quot;,&quot;size&quot;:-1,&quot;sizes&quot;:[]},&quot;_transform_translateX_effect_tablet&quot;:{&quot;unit&quot;:&quot;%&quot;,&quot;size&quot;:&quot;&quot;,&quot;sizes&quot;:[]},&quot;_transform_translateX_effect_mobile&quot;:{&quot;unit&quot;:&quot;%&quot;,&quot;size&quot;:&quot;&quot;,&quot;sizes&quot;:[]},&quot;_transform_translateY_effect&quot;:{&quot;unit&quot;:&quot;%&quot;,&quot;size&quot;:-3,&quot;sizes&quot;:[]},&quot;_transform_translateY_effect_tablet&quot;:{&quot;unit&quot;:&quot;%&quot;,&quot;size&quot;:&quot;&quot;,&quot;sizes&quot;:[]},&quot;_transform_translateY_effect_mobile&quot;:{&quot;unit&quot;:&quot;%&quot;,&quot;size&quot;:&quot;&quot;,&quot;sizes&quot;:[]}}\" data-widget_type=\"image.default\">\n\t\t\t\t<div class=\"elementor-widget-container\">\n\t\t\t\t\t\t\t\t\t\t\t\t\t<img decoding=\"async\" src=\"https:\/\/catalystinternational.com.tr\/wp-content\/uploads\/2022\/02\/bg-grey.png\" title=\"\" alt=\"\" loading=\"lazy\" \/>\t\t\t\t\t\t\t\t\t\t\t\t\t<\/div>\n\t\t\t\t<\/div>\n\t\t\t\t<div class=\"elementor-element elementor-element-74bcaea elementor-widget elementor-widget-image\" data-id=\"74bcaea\" data-element_type=\"widget\" data-widget_type=\"image.default\">\n\t\t\t\t<div class=\"elementor-widget-container\">\n\t\t\t\t\t\t\t\t\t\t\t\t\t<img decoding=\"async\" src=\"https:\/\/catalystinternational.com.tr\/wp-content\/uploads\/elementor\/thumbs\/immigrate-with-family_1500x1000-ppaibs8836wzzpfcs365qfb8vpbbzborffaiivnhw8.jpg\" title=\"Adorable cute happy Caucasian boys holding Canadian flag on the father shoulder\" alt=\"Adorable cute Caucasian boys holding Canadian flag on the father shoulder\" loading=\"lazy\" \/>\t\t\t\t\t\t\t\t\t\t\t\t\t<\/div>\n\t\t\t\t<\/div>\n\t\t\t\t\t<\/div>\n\t\t<\/div>\n\t\t\t\t\t<\/div>\n\t\t<\/section>\n\t\t\t\t<section class=\"elementor-section elementor-top-section elementor-element elementor-element-8bdbffb elementor-section-boxed elementor-section-height-default elementor-section-height-default\" data-id=\"8bdbffb\" data-element_type=\"section\">\n\t\t\t\t\t\t<div class=\"elementor-container elementor-column-gap-wider\">\n\t\t\t\t\t<div class=\"elementor-column elementor-col-100 elementor-top-column elementor-element elementor-element-a6d7579\" data-id=\"a6d7579\" data-element_type=\"column\">\n\t\t\t<div class=\"elementor-widget-wrap elementor-element-populated\">\n\t\t\t\t\t\t<div class=\"elementor-element elementor-element-15bc8a7 elementor-widget elementor-widget-heading\" data-id=\"15bc8a7\" data-element_type=\"widget\" data-widget_type=\"heading.default\">\n\t\t\t\t<div class=\"elementor-widget-container\">\n\t\t\t<h2 class=\"elementor-heading-title elementor-size-default\">Why Catalyst International?<\/h2>\t\t<\/div>\n\t\t\t\t<\/div>\n\t\t\t\t<div class=\"elementor-element elementor-element-c7f5e8e elementor-widget elementor-widget-spacer\" data-id=\"c7f5e8e\" data-element_type=\"widget\" data-widget_type=\"spacer.default\">\n\t\t\t\t<div class=\"elementor-widget-container\">\n\t\t\t\t\t<div class=\"elementor-spacer\">\n\t\t\t<div class=\"elementor-spacer-inner\"><\/div>\n\t\t<\/div>\n\t\t\t\t<\/div>\n\t\t\t\t<\/div>\n\t\t\t\t<div class=\"elementor-element elementor-element-9229f93 elementor-widget elementor-widget-heading\" data-id=\"9229f93\" data-element_type=\"widget\" data-widget_type=\"heading.default\">\n\t\t\t\t<div class=\"elementor-widget-container\">\n\t\t\t<h2 class=\"elementor-heading-title elementor-size-default\">Turning Dreams into Reality!<\/h2>\t\t<\/div>\n\t\t\t\t<\/div>\n\t\t\t\t<div class=\"elementor-element elementor-element-ba5d792 elementor-widget elementor-widget-spacer\" data-id=\"ba5d792\" data-element_type=\"widget\" data-widget_type=\"spacer.default\">\n\t\t\t\t<div class=\"elementor-widget-container\">\n\t\t\t\t\t<div class=\"elementor-spacer\">\n\t\t\t<div class=\"elementor-spacer-inner\"><\/div>\n\t\t<\/div>\n\t\t\t\t<\/div>\n\t\t\t\t<\/div>\n\t\t\t\t<div class=\"elementor-element elementor-element-48f926c elementor-widget elementor-widget-text-editor\" data-id=\"48f926c\" data-element_type=\"widget\" data-widget_type=\"text-editor.default\">\n\t\t\t\t<div class=\"elementor-widget-container\">\n\t\t\t\t\t\t\t<p>Catalyst International is a company that helps you turn your creative ideas into a successful start-up business. We are proud to be an official partner of the Ontario Technical University Technology Center, which means we are nationally authorized to help entrepreneurs. By working with us, you get the unique chance to present your ideas to our team of experts and get validation. This opportunity is only available to Catalyst International clients.<br \/><br \/>You don't have to worry about your ideas as we provide all the resources and skills you need to guide you through every step of the process. If you are ready to turn your ideas into real businesses, contact us today!<\/p>\t\t\t\t\t\t<\/div>\n\t\t\t\t<\/div>\n\t\t\t\t\t<\/div>\n\t\t<\/div>\n\t\t\t\t\t<\/div>\n\t\t<\/section>\n\t\t\t\t<section class=\"elementor-section elementor-top-section elementor-element elementor-element-83d7c9f elementor-section-boxed elementor-section-height-default elementor-section-height-default\" data-id=\"83d7c9f\" data-element_type=\"section\">\n\t\t\t\t\t\t<div class=\"elementor-container elementor-column-gap-default\">\n\t\t\t\t\t<div class=\"elementor-column elementor-col-33 elementor-top-column elementor-element elementor-element-d6b2a16\" data-id=\"d6b2a16\" data-element_type=\"column\">\n\t\t\t<div class=\"elementor-widget-wrap elementor-element-populated\">\n\t\t\t\t\t\t<div class=\"elementor-element elementor-element-3788d24 elementor-widget elementor-widget-image\" data-id=\"3788d24\" data-element_type=\"widget\" data-widget_type=\"image.default\">\n\t\t\t\t<div class=\"elementor-widget-container\">\n\t\t\t\t\t\t\t\t\t\t\t\t\t\t<a href=\"https:\/\/research.ontariotechu.ca\/\/entrepreneurship\/index.php\">\n\t\t\t\t\t\t\t<img decoding=\"async\" width=\"300\" height=\"66\" src=\"https:\/\/catalystinternational.com.tr\/wp-content\/uploads\/2023\/06\/Ontario_Tech_University_Logo-300x66.png\" class=\"attachment-medium size-medium wp-image-82526\" alt=\"\" srcset=\"https:\/\/catalystinternational.com.tr\/wp-content\/uploads\/2023\/06\/Ontario_Tech_University_Logo-300x66.png 300w, https:\/\/catalystinternational.com.tr\/wp-content\/uploads\/2023\/06\/Ontario_Tech_University_Logo-1024x226.png 1024w, https:\/\/catalystinternational.com.tr\/wp-content\/uploads\/2023\/06\/Ontario_Tech_University_Logo-768x170.png 768w, https:\/\/catalystinternational.com.tr\/wp-content\/uploads\/2023\/06\/Ontario_Tech_University_Logo-1536x339.png 1536w, https:\/\/catalystinternational.com.tr\/wp-content\/uploads\/2023\/06\/Ontario_Tech_University_Logo-2048x453.png 2048w, https:\/\/catalystinternational.com.tr\/wp-content\/uploads\/2023\/06\/Ontario_Tech_University_Logo-18x4.png 18w\" sizes=\"(max-width: 300px) 100vw, 300px\" \/>\t\t\t\t\t\t\t\t<\/a>\n\t\t\t\t\t\t\t\t\t\t\t\t\t<\/div>\n\t\t\t\t<\/div>\n\t\t\t\t\t<\/div>\n\t\t<\/div>\n\t\t\t\t<div class=\"elementor-column elementor-col-33 elementor-top-column elementor-element elementor-element-0118aea\" data-id=\"0118aea\" data-element_type=\"column\">\n\t\t\t<div class=\"elementor-widget-wrap elementor-element-populated\">\n\t\t\t\t\t\t<div class=\"elementor-element elementor-element-1da44ed elementor-widget elementor-widget-image\" data-id=\"1da44ed\" data-element_type=\"widget\" data-widget_type=\"image.default\">\n\t\t\t\t<div class=\"elementor-widget-container\">\n\t\t\t\t\t\t\t\t\t\t\t\t\t\t<a href=\"https:\/\/www.ontariotechbrilliant.ca\/\">\n\t\t\t\t\t\t\t<img decoding=\"async\" width=\"300\" height=\"89\" src=\"https:\/\/catalystinternational.com.tr\/wp-content\/uploads\/2023\/06\/brilliant_catalyst_logo-300x89.png\" class=\"attachment-medium size-medium wp-image-82452\" alt=\"\" srcset=\"https:\/\/catalystinternational.com.tr\/wp-content\/uploads\/2023\/06\/brilliant_catalyst_logo-300x89.png 300w, https:\/\/catalystinternational.com.tr\/wp-content\/uploads\/2023\/06\/brilliant_catalyst_logo-768x227.png 768w, https:\/\/catalystinternational.com.tr\/wp-content\/uploads\/2023\/06\/brilliant_catalyst_logo-18x5.png 18w, https:\/\/catalystinternational.com.tr\/wp-content\/uploads\/2023\/06\/brilliant_catalyst_logo.png 908w\" sizes=\"(max-width: 300px) 100vw, 300px\" \/>\t\t\t\t\t\t\t\t<\/a>\n\t\t\t\t\t\t\t\t\t\t\t\t\t<\/div>\n\t\t\t\t<\/div>\n\t\t\t\t\t<\/div>\n\t\t<\/div>\n\t\t\t\t<div class=\"elementor-column elementor-col-33 elementor-top-column elementor-element elementor-element-36863fc\" data-id=\"36863fc\" data-element_type=\"column\">\n\t\t\t<div class=\"elementor-widget-wrap elementor-element-populated\">\n\t\t\t\t\t\t<div class=\"elementor-element elementor-element-c7b9fc7 elementor-widget elementor-widget-image\" data-id=\"c7b9fc7\" data-element_type=\"widget\" data-widget_type=\"image.default\">\n\t\t\t\t<div class=\"elementor-widget-container\">\n\t\t\t\t\t\t\t\t\t\t\t\t\t\t<a href=\"https:\/\/catalystinternational.com.tr\/en\/\">\n\t\t\t\t\t\t\t<img decoding=\"async\" width=\"300\" height=\"66\" src=\"https:\/\/catalystinternational.com.tr\/wp-content\/uploads\/2023\/06\/cata-123-300x66.png\" class=\"attachment-medium size-medium wp-image-82528\" alt=\"\" srcset=\"https:\/\/catalystinternational.com.tr\/wp-content\/uploads\/2023\/06\/cata-123-300x66.png 300w, https:\/\/catalystinternational.com.tr\/wp-content\/uploads\/2023\/06\/cata-123-1024x226.png 1024w, https:\/\/catalystinternational.com.tr\/wp-content\/uploads\/2023\/06\/cata-123-768x170.png 768w, https:\/\/catalystinternational.com.tr\/wp-content\/uploads\/2023\/06\/cata-123-1536x339.png 1536w, https:\/\/catalystinternational.com.tr\/wp-content\/uploads\/2023\/06\/cata-123-2048x453.png 2048w, https:\/\/catalystinternational.com.tr\/wp-content\/uploads\/2023\/06\/cata-123-18x4.png 18w\" sizes=\"(max-width: 300px) 100vw, 300px\" \/>\t\t\t\t\t\t\t\t<\/a>\n\t\t\t\t\t\t\t\t\t\t\t\t\t<\/div>\n\t\t\t\t<\/div>\n\t\t\t\t\t<\/div>\n\t\t<\/div>\n\t\t\t\t\t<\/div>\n\t\t<\/section>\n\t\t\t\t<section class=\"elementor-section elementor-top-section elementor-element elementor-element-d3ead97 elementor-section-boxed elementor-section-height-default elementor-section-height-default\" data-id=\"d3ead97\" data-element_type=\"section\">\n\t\t\t\t\t\t<div class=\"elementor-container elementor-column-gap-default\">\n\t\t\t\t\t<div class=\"elementor-column elementor-col-100 elementor-top-column elementor-element elementor-element-dc2f0ce\" data-id=\"dc2f0ce\" data-element_type=\"column\">\n\t\t\t<div class=\"elementor-widget-wrap elementor-element-populated\">\n\t\t\t\t\t\t<div class=\"elementor-element elementor-element-a9e1b4d elementor-widget elementor-widget-spacer\" data-id=\"a9e1b4d\" data-element_type=\"widget\" data-widget_type=\"spacer.default\">\n\t\t\t\t<div class=\"elementor-widget-container\">\n\t\t\t\t\t<div class=\"elementor-spacer\">\n\t\t\t<div class=\"elementor-spacer-inner\"><\/div>\n\t\t<\/div>\n\t\t\t\t<\/div>\n\t\t\t\t<\/div>\n\t\t\t\t\t<\/div>\n\t\t<\/div>\n\t\t\t\t\t<\/div>\n\t\t<\/section>\n\t\t\t\t<\/div>","protected":false},"excerpt":{"rendered":"<p>Hakk\u0131m\u0131zda You are here: Home Sayfa Catalyst International Hakk\u0131nda D\u00fcnya \u00c7ap\u0131ndaki T\u00fcm Giri\u015fim Fikirlerinizi Projelendirip Start-Up Visa Program\u0131na D\u00f6n\u00fc\u015ft\u00fcr\u00fcyoruz. Catalyst International, \u0130novatif, yarat\u0131c\u0131, ve giri\u015fimci fikirleri Kanada&#8217;n\u0131n \u00f6nde gelen \u00fcniversitelerine sunmak i\u00e7in adam\u0131\u015f bir \u015firkettir. Hedefimiz, bu fikirleri kan\u0131tlanm\u0131\u015f a\u015famalar\u0131na kadar geli\u015ftirmenize yard\u0131mc\u0131 olmak ve Kanada&#8217;da kal\u0131c\u0131 ikametgah alman\u0131za yard\u0131mc\u0131 olmakt\u0131r. Catalyst International olarak, Kanada&#8217;n\u0131n&hellip;<\/p>","protected":false},"author":1,"featured_media":0,"parent":0,"menu_order":23,"comment_status":"closed","ping_status":"closed","template":"elementor_header_footer","meta":{"footnotes":""},"class_list":["post-7613","page","type-page","status-publish","hentry"],"_links":{"self":[{"href":"https:\/\/catalystinternational.com.tr\/en\/wp-json\/wp\/v2\/pages\/7613","targetHints":{"allow":["GET"]}}],"collection":[{"href":"https:\/\/catalystinternational.com.tr\/en\/wp-json\/wp\/v2\/pages"}],"about":[{"href":"https:\/\/catalystinternational.com.tr\/en\/wp-json\/wp\/v2\/types\/page"}],"author":[{"embeddable":true,"href":"https:\/\/catalystinternational.com.tr\/en\/wp-json\/wp\/v2\/users\/1"}],"replies":[{"embeddable":true,"href":"https:\/\/catalystinternational.com.tr\/en\/wp-json\/wp\/v2\/comments?post=7613"}],"version-history":[{"count":6,"href":"https:\/\/catalystinternational.com.tr\/en\/wp-json\/wp\/v2\/pages\/7613\/revisions"}],"predecessor-version":[{"id":82531,"href":"https:\/\/catalystinternational.com.tr\/en\/wp-json\/wp\/v2\/pages\/7613\/revisions\/82531"}],"wp:attachment":[{"href":"https:\/\/catalystinternational.com.tr\/en\/wp-json\/wp\/v2\/media?parent=7613"}],"curies":[{"name":"wp","href":"https:\/\/api.w.org\/{rel}","templated":true}]}}