{"id":29656,"date":"2020-12-17T18:17:47","date_gmt":"2020-12-17T15:17:47","guid":{"rendered":"https:\/\/the7.io\/elementor-main\/?page_id=29656"},"modified":"2023-06-13T18:46:08","modified_gmt":"2023-06-13T15:46:08","slug":"vizyon-ve-misyon","status":"publish","type":"page","link":"https:\/\/catalystinternational.com.tr\/en\/vision-and-mission-2\/","title":{"rendered":"Vision and Mission"},"content":{"rendered":"<div data-elementor-type=\"wp-page\" data-elementor-id=\"29656\" class=\"elementor elementor-29656\" data-elementor-post-type=\"page\">\n\t\t\t\t\t\t<section class=\"elementor-section elementor-top-section elementor-element elementor-element-9a40cef elementor-reverse-mobile elementor-section-boxed elementor-section-height-default elementor-section-height-default\" data-id=\"9a40cef\" data-element_type=\"section\">\n\t\t\t\t\t\t<div class=\"elementor-container elementor-column-gap-wider\">\n\t\t\t\t\t<div class=\"elementor-column elementor-col-50 elementor-top-column elementor-element elementor-element-4205337\" data-id=\"4205337\" data-element_type=\"column\">\n\t\t\t<div class=\"elementor-widget-wrap elementor-element-populated\">\n\t\t\t\t\t\t<div class=\"elementor-element elementor-element-b44398e page-content elementor-widget elementor-widget-text-editor\" data-id=\"b44398e\" data-element_type=\"widget\" data-widget_type=\"text-editor.default\">\n\t\t\t\t<div class=\"elementor-widget-container\">\n\t\t\t\t\t\t\t<h2>Our Mission<\/h2><p>The main mission of us and our team of experts is to ensure that creative ideas are not just ideas via the right methods, but projects that are candidates to change the world.<\/p><p>In the history of mankind, there have been thousands of inventions that have changed the world, but perhaps millions of them have remained only at the idea stage, and perhaps the inventions that could have created miracles for people today have unfortunately disappeared. Catalyst International and its expert staff, which accepts this thought as a start, was established with the mission of minimizing the disappearance of ideas and in line with this mission, it has taken it as a duty to develop every idea that will be positive for our lives.<\/p><h2>Our Vision<\/h2><div><span style=\"color: var(--the7-base-color); letter-spacing: var(--the7-base-letter-spacing); text-transform: var(--the7-base-text-transform); word-spacing: normal;\">Catalyst International's vision is to ensure that the right ideas are realized first with the right experts and then with the right investments and that they can be beneficial to humanity.<br \/><\/span><br \/>Just as a small spark can turn into a huge fire, ideas can turn from a tiny seed into a huge tree. In our ever-globalizing world, it has become easier to access information, but it has become more difficult to produce innovative ideas. Catalyst International has adopted the vision and principle of overcoming these difficulties and achieving the results of every idea that can lead to success.<\/div>\t\t\t\t\t\t<\/div>\n\t\t\t\t<\/div>\n\t\t\t\t\t<\/div>\n\t\t<\/div>\n\t\t\t\t<div class=\"elementor-column elementor-col-50 elementor-top-column elementor-element elementor-element-7db51b5\" data-id=\"7db51b5\" data-element_type=\"column\">\n\t\t\t<div class=\"elementor-widget-wrap elementor-element-populated\">\n\t\t\t\t\t\t<div class=\"elementor-element elementor-element-9147708 elementor-widget elementor-widget-image\" data-id=\"9147708\" data-element_type=\"widget\" data-widget_type=\"image.default\">\n\t\t\t\t<div class=\"elementor-widget-container\">\n\t\t\t\t\t\t\t\t\t\t\t\t\t<img fetchpriority=\"high\" decoding=\"async\" width=\"1920\" height=\"2500\" src=\"https:\/\/catalystinternational.com.tr\/wp-content\/uploads\/2023\/06\/vizyon-misyon-2.jpg\" class=\"attachment-full size-full wp-image-82346\" alt=\"\" srcset=\"https:\/\/catalystinternational.com.tr\/wp-content\/uploads\/2023\/06\/vizyon-misyon-2.jpg 1920w, https:\/\/catalystinternational.com.tr\/wp-content\/uploads\/2023\/06\/vizyon-misyon-2-230x300.jpg 230w, https:\/\/catalystinternational.com.tr\/wp-content\/uploads\/2023\/06\/vizyon-misyon-2-786x1024.jpg 786w, https:\/\/catalystinternational.com.tr\/wp-content\/uploads\/2023\/06\/vizyon-misyon-2-768x1000.jpg 768w, https:\/\/catalystinternational.com.tr\/wp-content\/uploads\/2023\/06\/vizyon-misyon-2-1180x1536.jpg 1180w, https:\/\/catalystinternational.com.tr\/wp-content\/uploads\/2023\/06\/vizyon-misyon-2-1573x2048.jpg 1573w, https:\/\/catalystinternational.com.tr\/wp-content\/uploads\/2023\/06\/vizyon-misyon-2-9x12.jpg 9w\" sizes=\"(max-width: 1920px) 100vw, 1920px\" \/>\t\t\t\t\t\t\t\t\t\t\t\t\t<\/div>\n\t\t\t\t<\/div>\n\t\t\t\t\t<\/div>\n\t\t<\/div>\n\t\t\t\t\t<\/div>\n\t\t<\/section>\n\t\t\t\t<\/div>","protected":false},"excerpt":{"rendered":"<p>Misyonumuz Yarat\u0131c\u0131 fikirlerin do\u011fru y\u00f6ntemlerle sadece bir fikir olmaktan \u00e7\u0131k\u0131p d\u00fcnyay\u0131 de\u011fi\u015ftirmeye aday projeler olmas\u0131n\u0131 sa\u011flamaya \u00e7al\u0131\u015fmak bizim ve uzman ekibimizin as\u0131l misyonunu olu\u015fturmaktad\u0131r. \u0130nsanl\u0131k tarihinde d\u00fcnyay\u0131 de\u011fi\u015ftiren binlerce bulu\u015f oldu\u011fu gibi belki milyonlarcas\u0131 sadece fikir a\u015famas\u0131nda kalm\u0131\u015f ve belki de bug\u00fcn insanlar i\u00e7in mucizeler yaratabilecek bulu\u015flar ne yaz\u0131k ki yok olup gitmi\u015flerdir. Bu d\u00fc\u015f\u00fcnceyi&hellip;<\/p>","protected":false},"author":1,"featured_media":0,"parent":0,"menu_order":997,"comment_status":"closed","ping_status":"closed","template":"","meta":{"footnotes":""},"class_list":["post-29656","page","type-page","status-publish","hentry"],"_links":{"self":[{"href":"https:\/\/catalystinternational.com.tr\/en\/wp-json\/wp\/v2\/pages\/29656","targetHints":{"allow":["GET"]}}],"collection":[{"href":"https:\/\/catalystinternational.com.tr\/en\/wp-json\/wp\/v2\/pages"}],"about":[{"href":"https:\/\/catalystinternational.com.tr\/en\/wp-json\/wp\/v2\/types\/page"}],"author":[{"embeddable":true,"href":"https:\/\/catalystinternational.com.tr\/en\/wp-json\/wp\/v2\/users\/1"}],"replies":[{"embeddable":true,"href":"https:\/\/catalystinternational.com.tr\/en\/wp-json\/wp\/v2\/comments?post=29656"}],"version-history":[{"count":0,"href":"https:\/\/catalystinternational.com.tr\/en\/wp-json\/wp\/v2\/pages\/29656\/revisions"}],"wp:attachment":[{"href":"https:\/\/catalystinternational.com.tr\/en\/wp-json\/wp\/v2\/media?parent=29656"}],"curies":[{"name":"wp","href":"https:\/\/api.w.org\/{rel}","templated":true}]}}